{"id":102,"date":"2018-02-05T01:11:33","date_gmt":"2018-02-05T01:11:33","guid":{"rendered":"https:\/\/www.porteconomicgroup.com\/?page_id=102"},"modified":"2018-08-04T06:26:38","modified_gmt":"2018-08-04T06:26:38","slug":"business-credit","status":"publish","type":"page","link":"https:\/\/processing4u.com\/es\/business-credit\/","title":{"rendered":"Credito para negocios"},"content":{"rendered":"<p><div class=\"fusion-bg-parallax\"  data-bg-align=\"center center\" data-direction=\"up\" data-mute=\"false\" data-opacity=\"100\" data-velocity=\"-0.3\" data-mobile-enabled=\"false\" data-break_parents=\"0\" data-bg-image=\"http:\/\/processing4u.com\/wp-content\/uploads\/2018\/08\/Business-iPad-Demonstration.jpg\" data-bg-repeat=\"false\" data-bg-height=\"\" data-bg-width=\"\"><\/div><div class=\"fusion-fullwidth fullwidth-box fusion-builder-row-1 fusion-parallax-up nonhundred-percent-fullwidth non-hundred-percent-height-scrolling fusion-equal-height-columns fusion-no-small-visibility\"  style='background-color: rgba(255,255,255,0);background-image: url(\"http:\/\/processing4u.com\/wp-content\/uploads\/2018\/08\/Business-iPad-Demonstration.jpg\");background-position: center center;background-repeat: no-repeat;padding-top:150px;padding-right:0px;padding-bottom:150px;padding-left:0px;-webkit-background-size:cover;-moz-background-size:cover;-o-background-size:cover;background-size:cover;'><div class=\"fusion-builder-row fusion-row\"><div  class=\"fusion-layout-column fusion_builder_column fusion_builder_column_1_6 fusion-builder-column-0 fusion-one-sixth fusion-column-first 1_6\"  style='margin-top:0px;margin-bottom:20px;width:16.66%;width:calc(16.66% - ( ( 4% + 4% ) * 0.1666 ) );margin-right: 4%;'><div class=\"fusion-column-wrapper\" style=\"padding: 0px 0px 0px 0px;background-position:left top;background-repeat:no-repeat;-webkit-background-size:cover;-moz-background-size:cover;-o-background-size:cover;background-size:cover;\"   data-bg-url=\"\"><div class=\"fusion-clearfix\"><\/div><\/div><\/div><div  class=\"fusion-layout-column fusion_builder_column fusion_builder_column_2_3 fusion-builder-column-1 fusion-two-third 2_3\"  style='margin-top:0px;margin-bottom:20px;width:66.66%;width:calc(66.66% - ( ( 4% + 4% ) * 0.6666 ) );margin-right: 4%;'><div class=\"fusion-column-wrapper\" style=\"padding: 70px 0px 0px 0px;background-position:left top;background-repeat:no-repeat;-webkit-background-size:cover;-moz-background-size:cover;-o-background-size:cover;background-size:cover;\"   data-bg-url=\"\"><div class=\"fusion-column-content-centered\"><div class=\"fusion-column-content\"><div class=\"fusion-text\"><p style=\"text-align: center;\"><span style=\"color: #ffffff;\"><strong><span style=\"font-size: 14pt;\"><span style=\"font-size: 30pt;\">Obtenga una l\u00ednea de cr\u00e9dito para su negocio que no<br \/>\nest\u00e9 relacionada con su identificaci\u00f3n personal (SSN)<\/span><br \/>\n<span style=\"font-size: 12pt;\"><br \/>\n<\/span><\/span><\/strong><\/span><\/p>\n<\/div><\/div><\/div><div class=\"fusion-clearfix\"><\/div><\/div><\/div><div  class=\"fusion-layout-column fusion_builder_column fusion_builder_column_1_6 fusion-builder-column-2 fusion-one-sixth fusion-column-last 1_6\"  style='margin-top:0px;margin-bottom:20px;width:16.66%;width:calc(16.66% - ( ( 4% + 4% ) * 0.1666 ) );'><div class=\"fusion-column-wrapper\" style=\"padding: 0px 0px 0px 0px;background-position:left top;background-repeat:no-repeat;-webkit-background-size:cover;-moz-background-size:cover;-o-background-size:cover;background-size:cover;\"   data-bg-url=\"\"><div class=\"fusion-clearfix\"><\/div><\/div><\/div><\/div><\/div><div class=\"fusion-bg-parallax\"  data-bg-align=\"center center\" data-direction=\"up\" data-mute=\"false\" data-opacity=\"100\" data-velocity=\"-0.3\" data-mobile-enabled=\"false\" data-break_parents=\"0\" data-bg-image=\"http:\/\/processing4u.com\/wp-content\/uploads\/2018\/08\/Business-iPad-Demonstration.jpg\" data-bg-repeat=\"false\" data-bg-height=\"\" data-bg-width=\"\"><\/div><div class=\"fusion-fullwidth fullwidth-box fusion-builder-row-2 fusion-parallax-up nonhundred-percent-fullwidth hundred-percent-height hundred-percent-height-center-content non-hundred-percent-height-scrolling fusion-no-medium-visibility fusion-no-large-visibility\"  style='background-color: rgba(255,255,255,0);background-image: url(\"http:\/\/processing4u.com\/wp-content\/uploads\/2018\/08\/Business-iPad-Demonstration.jpg\");background-position: center center;background-repeat: no-repeat;padding-top:35px;padding-right:0px;padding-bottom:10px;padding-left:0px;margin-bottom: 0px;-webkit-background-size:cover;-moz-background-size:cover;-o-background-size:cover;background-size:cover;'><div class=\"fusion-fullwidth-center-content\"><div class=\"fusion-builder-row fusion-row\"><div  class=\"fusion-layout-column fusion_builder_column fusion_builder_column_1_6 fusion-builder-column-3 fusion-one-sixth fusion-column-first 1_6\"  style='margin-top:0px;margin-bottom:0px;width:16.66%;width:calc(16.66% - ( ( 4% + 4% ) * 0.1666 ) );margin-right: 4%;'><div class=\"fusion-column-wrapper\" style=\"padding: 0px 0px 0px 0px;background-position:left top;background-repeat:no-repeat;-webkit-background-size:cover;-moz-background-size:cover;-o-background-size:cover;background-size:cover;\"   data-bg-url=\"\"><div class=\"fusion-clearfix\"><\/div><\/div><\/div><div  class=\"fusion-layout-column fusion_builder_column fusion_builder_column_2_3 fusion-builder-column-4 fusion-two-third 2_3\"  style='margin-top:0px;margin-bottom:0px;width:66.66%;width:calc(66.66% - ( ( 4% + 4% ) * 0.6666 ) );margin-right: 4%;'><div class=\"fusion-column-wrapper\" style=\"padding: 0px 0px 0px 0px;background-position:left top;background-repeat:no-repeat;-webkit-background-size:cover;-moz-background-size:cover;-o-background-size:cover;background-size:cover;\"   data-bg-url=\"\"><div class=\"fusion-column-content-centered\"><div class=\"fusion-column-content\"><div class=\"fusion-text\"><p style=\"text-align: center;\"><span style=\"color: #ffffff;\"><strong><span style=\"font-size: 14pt;\"><span style=\"font-size: 30pt;\">Obtenga una l\u00ednea de cr\u00e9dito para su negocio que no<br \/>\nest\u00e9 relacionada con su identificaci\u00f3n personal (SSN)<\/span><span style=\"font-size: 12pt;\"><br \/>\n<\/span><\/span><\/strong><\/span><\/p>\n<\/div><\/div><\/div><div class=\"fusion-clearfix\"><\/div><\/div><\/div><div  class=\"fusion-layout-column fusion_builder_column fusion_builder_column_1_6 fusion-builder-column-5 fusion-one-sixth fusion-column-last 1_6\"  style='margin-top:0px;margin-bottom:0px;width:16.66%;width:calc(16.66% - ( ( 4% + 4% ) * 0.1666 ) );'><div class=\"fusion-column-wrapper\" style=\"padding: 0px 0px 0px 0px;background-position:left top;background-repeat:no-repeat;-webkit-background-size:cover;-moz-background-size:cover;-o-background-size:cover;background-size:cover;\"   data-bg-url=\"\"><div class=\"fusion-clearfix\"><\/div><\/div><\/div><\/div><\/div><\/div><div class=\"fusion-fullwidth fullwidth-box fusion-builder-row-3 nonhundred-percent-fullwidth non-hundred-percent-height-scrolling\"  style='background-color: rgba(255,255,255,0);background-position: center center;background-repeat: no-repeat;padding-top:50px;padding-right:0px;padding-bottom:20px;padding-left:0px;'><div class=\"fusion-builder-row fusion-row\"><div  class=\"fusion-layout-column fusion_builder_column fusion_builder_column_2_3 fusion-builder-column-6 fusion-two-third fusion-column-first 2_3\"  style='margin-top:0px;margin-bottom:20px;width:66.66%;width:calc(66.66% - ( ( 4% ) * 0.6666 ) );margin-right: 4%;'><div class=\"fusion-column-wrapper\" style=\"padding: 0px 0px 0px 0px;background-position:left top;background-repeat:no-repeat;-webkit-background-size:cover;-moz-background-size:cover;-o-background-size:cover;background-size:cover;\"   data-bg-url=\"\"><div class=\"fusion-text\"><p>Construir un negocio necesita capital. Mientras mejor acceso ud tenga al dinero, m\u00e1s r\u00e1pido crece. La mayor\u00eda de los due\u00f1os de negocios utilizan su cr\u00e9dito personal para establecerse, gastan todos sus ahorros o piden prestado dinero a familiares y amigos. \u00bfPor qu\u00e9 hacer esto si ud no lo necesita?<\/p>\n<p>Nuestro programa para construir el cr\u00e9dito de su empresa lo  ayudar\u00e1 a crecer sin utilizar sus ahorros y sin pr\u00e9stamos de familiares y amigos. Ud obtendr\u00e1 financiamiento con su n\u00famero de empleador (EIN) sin que su identificaci\u00f3n personal (SSN) est\u00e9 relacionado. No requiere afluencia de efectivo, colateral o buen cr\u00e9dito personal. As\u00ed que puede ser aprobado,no importa si est\u00e1 comenzando o si tiene bajo puntaje de cr\u00e9dito personal.<\/p>\n<p><strong>Con el financiamiento ud puede:<\/strong><\/p>\n<ul>\n<li>Obtener del vendedor cr\u00e9dito inmediato y altos l\u00edmites en tarjetas<\/li>\n<li>Acceso a tarjetas de cr\u00e9dito para la compa\u00f1\u00eda, donde algunas le ofrecen recompensas en efectivo. Financiamiento de veh\u00edculos<\/li>\n<li>Acceso sin necesitar su cr\u00e9dito personal o mostrar garant\u00edas<\/li>\n<li>Obtener a trav\u00e9s de agencias el reporte de cr\u00e9dito de su negocio<\/li>\n<li>Eliminar responsabilidad personal sobre las cuentas<\/li>\n<li>Ser aprobado aunque su empresa reci\u00e9n haya comenzado y sin requerimiento de un colateral<\/li>\n<\/ul>\n<p>Puede hacer crecer su negocio al tener acceso a un capital de trabajo. La calidad del cr\u00e9dito de su empresa determina si puede ser aprobado para un pr\u00e9stamo y las tarifas y  t\u00e9rminos que ud pagar\u00e1. As\u00ed que al tener su negocio el cr\u00e9dito establecido, se convierte en un buen candidato para obtener mejores t\u00e9rminos en un financiamiento.<\/p>\n<\/div><div class=\"fusion-clearfix\"><\/div><\/div><\/div><div  class=\"fusion-layout-column fusion_builder_column fusion_builder_column_1_3 fusion-builder-column-7 fusion-one-third fusion-column-last 1_3\"  style='margin-top:0px;margin-bottom:20px;width:33.33%;width:calc(33.33% - ( ( 4% ) * 0.3333 ) );'><div class=\"fusion-column-wrapper\" style=\"background-color:#ffffff;padding: 0px 0px 0px 0px;background-position:left top;background-repeat:no-repeat;-webkit-background-size:cover;-moz-background-size:cover;-o-background-size:cover;background-size:cover;\"   data-bg-url=\"\"><div class=\"fusion-text\"><p class=\"consult-1\"><span style=\"font-size: 24pt; color: #1a80b6;\"><strong>Consulta<\/strong>&nbsp;GRATIS l\u00edneas de cr\u00e9dito y pr\u00e9stamos para su empresa<\/span><\/p>\n<p class=\"consult-2\"><span style=\"font-size: 13pt;\">Por favor escriba su informaci\u00f3n para una consulta GRATIS  acerca de l\u00edneas de cr\u00e9dito y pr\u00e9stamos para su negocio<br \/>\n<strong>(Valor de $199)<\/strong><\/span><\/p>\n<div role=\"form\" class=\"wpcf7\" id=\"wpcf7-f72-o1\" lang=\"en-US\" dir=\"ltr\">\n<div class=\"screen-reader-response\" role=\"alert\" aria-live=\"polite\"><\/div>\n<form action=\"\/es\/wp-json\/wp\/v2\/pages\/102#wpcf7-f72-o1\" method=\"post\" class=\"wpcf7-form init\" novalidate=\"novalidate\" data-trp-original-action=\"\/es\/wp-json\/wp\/v2\/pages\/102#wpcf7-f72-o1\">\n<div style=\"display: none;\">\n<input type=\"hidden\" name=\"_wpcf7\" value=\"72\" \/>\n<input type=\"hidden\" name=\"_wpcf7_version\" value=\"5.2\" \/>\n<input type=\"hidden\" name=\"_wpcf7_locale\" value=\"en_US\" \/>\n<input type=\"hidden\" name=\"_wpcf7_unit_tag\" value=\"wpcf7-f72-o1\" \/>\n<input type=\"hidden\" name=\"_wpcf7_container_post\" value=\"0\" \/>\n<input type=\"hidden\" name=\"_wpcf7_posted_data_hash\" value=\"\" \/>\n<\/div>\n<div class=\"fusion-columns fusion-clearfix\" style=\"margin-bottom: 10px;\">\n<div class=\"col-lg-6 col-md-6 col-sm-12\">\n    <span class=\"wpcf7-form-control-wrap full-name\"><input type=\"text\" name=\"full-name\" value=\"\" size=\"40\" class=\"wpcf7-form-control wpcf7-text wpcf7-validates-as-required\" aria-required=\"true\" aria-invalid=\"false\" placeholder=\"Nombre completo:\" \/><\/span><\/div>\n<div class=\"col-lg-6 col-md-6 col-sm-12\">\n    <span class=\"wpcf7-form-control-wrap phone\"><input type=\"text\" name=\"phone\" value=\"\" size=\"40\" class=\"wpcf7-form-control wpcf7-text wpcf7-validates-as-required\" aria-required=\"true\" aria-invalid=\"false\" placeholder=\"Tel\u00e9fono\" \/><\/span><\/div>\n<\/div>\n<div class=\"fusion-columns fusion-clearfix\" style=\"margin-bottom: 10px;\">\n<div class=\"col-lg-12 col-md-12 col-sm-12\">\n    <span class=\"wpcf7-form-control-wrap your-email\"><input type=\"email\" name=\"your-email\" value=\"\" size=\"40\" class=\"wpcf7-form-control wpcf7-text wpcf7-email wpcf7-validates-as-required wpcf7-validates-as-email\" aria-required=\"true\" aria-invalid=\"false\" placeholder=\"Correo electr\u00f3nico\" \/><\/span><\/div>\n<\/div>\n<p>\n    <span class=\"wpcf7-form-control-wrap your-message\"><textarea name=\"your-message\" cols=\"40\" rows=\"10\" class=\"wpcf7-form-control wpcf7-textarea\" aria-invalid=\"false\" placeholder=\"D\u00edganos acerca de sus necesidades\"><\/textarea><\/span> <\/p>\n<p><center><input type=\"submit\" value=\"Empezar\" class=\"wpcf7-form-control wpcf7-submit\" \/><\/center><\/p>\n<p><span id=\"wpcf7-69e000ebeeae6-wrapper\" class=\"wpcf7-form-control-wrap email-address-wrap\" ><label for=\"wpcf7-69e000ebeeae6-field\" class=\"hp-message\">Please leave this field empty.<\/label><input id=\"wpcf7-69e000ebeeae6-field\"  class=\"wpcf7-form-control wpcf7-text\" type=\"text\" name=\"email-address\" value=\"\" size=\"40\" tabindex=\"-1\" autocomplete=\"new-password\" \/><\/span><\/p>\n<div class=\"fusion-alert alert custom alert-custom fusion-alert-center wpcf7-response-output fusion-alert-capitalize alert-dismissable\" style=\"border-width:1px;\"><button type=\"button\" class=\"close toggle-alert\" data-dismiss=\"alert\" aria-hidden=\"true\">&times;<\/button><div class=\"fusion-alert-content-wrapper\"><span class=\"fusion-alert-content\"><\/span><\/div><\/div><input type=\"hidden\" name=\"trp-form-language\" value=\"es\"\/><\/form><\/div>\n<\/div><div class=\"fusion-clearfix\"><\/div><\/div><\/div><\/div><\/div><div class=\"fusion-fullwidth fullwidth-box fusion-builder-row-4 nonhundred-percent-fullwidth non-hundred-percent-height-scrolling\"  style='background-color: #f4f4f4;background-position: center center;background-repeat: no-repeat;padding-top:50px;padding-right:0px;padding-bottom:20px;padding-left:0px;'><div class=\"fusion-builder-row fusion-row\"><div  class=\"fusion-layout-column fusion_builder_column fusion_builder_column_1_1 fusion-builder-column-8 fusion-one-full fusion-column-first fusion-column-last 1_1\"  style='margin-top:0px;margin-bottom:20px;'><div class=\"fusion-column-wrapper\" style=\"padding: 0px 0px 0px 0px;background-position:left top;background-repeat:no-repeat;-webkit-background-size:cover;-moz-background-size:cover;-o-background-size:cover;background-size:cover;\"   data-bg-url=\"\"><div class=\"fusion-text\"><p>Nosotros le proporcionamos informaci\u00f3n  con un f\u00e1cil sistema paso a paso para construir el cr\u00e9dito a trav\u00e9s de una plataforma financiera avanzada. Inicie la sesi\u00f3n y encontrar\u00e1 una experiencia creada para ud, que lo ayudar\u00e1 a obtener cr\u00e9dito y financiamiento para su empresa. Ser\u00e1 guiado a trav\u00e9s del proceso por su propio consejero.<\/p>\n<p><strong>A trav\u00e9s de su experiencia financiera ud podr\u00e1:<\/strong><\/p>\n<ul>\n<li>Recorrer los pasos necesarios para establecer la credibilidad de su negocio y obtener la confianza de compa\u00f1\u00edas de pr\u00e9stamo para aprobarlo<\/li>\n<li>Acceso a la informaci\u00f3n en Expedia Smart Business para investigar el crecimiento del cr\u00e9dito de su compa\u00f1\u00eda en tiempo real<\/li>\n<li>Aprender c\u00f3mo el reporte de cr\u00e9dito y puntaje de su compa\u00f1\u00eda trabajan y acceso para monitorear a trav\u00e9s de Dun &amp; Bradstreet, Experian y Equifax<\/li>\n<li>Acceso a suplidores que le dar\u00e1n cr\u00e9dito para su compra y lo van a reportar a las agencias pertinentes a\u00fan cuando todav\u00eda su compa\u00f1\u00eda no tenga cr\u00e9dito<\/li>\n<li>Altos l\u00edmites en tarjetas de cr\u00e9dito para su empresa incluyendo Walmart, Amazon, BP, Chevron, Office Depot y muchas m\u00e1s<\/li>\n<li>Tener acceso a tarjetas de cr\u00e9dito,recompensas y financiamiento de veh\u00edculos para su negocio sin utilizar su cr\u00e9dito personal o garant\u00edas<\/li>\n<\/ul>\n<p>Comience a establecer la credibilidad de su negocio con un perfil positivo.<\/p>\n<p>Cont\u00e1ctenos hoy para aprender c\u00f3mo obtener financiamiento sin comprometer su n\u00famero de seguro social (SSN) ni su informaci\u00f3n personal.<\/p>\n<\/div><div class=\"fusion-clearfix\"><\/div><\/div><\/div><\/div><\/div><div class=\"fusion-bg-parallax\"  data-bg-align=\"center bottom\" data-direction=\"down\" data-mute=\"false\" data-opacity=\"100\" data-velocity=\"-0.3\" data-mobile-enabled=\"false\" data-break_parents=\"0\" data-bg-image=\"http:\/\/processing4u.com\/wp-content\/uploads\/2018\/02\/Contact-Us-Footer.jpg\" data-bg-repeat=\"false\" data-bg-color=\"#3f3f3f\" data-bg-height=\"\" data-bg-width=\"\"><\/div><div class=\"fusion-fullwidth fullwidth-box fusion-builder-row-5 fusion-parallax-down nonhundred-percent-fullwidth non-hundred-percent-height-scrolling fusion-equal-height-columns\"  style='background-color: #3f3f3f;background-image: url(\"http:\/\/processing4u.com\/wp-content\/uploads\/2018\/02\/Contact-Us-Footer.jpg\");background-position: center bottom;background-repeat: no-repeat;padding-top:100px;padding-right:0px;padding-bottom:90px;padding-left:0px;border-top-width:0px;border-bottom-width:0px;border-color:#eae9e9;border-top-style:solid;border-bottom-style:solid;-webkit-background-size:cover;-moz-background-size:cover;-o-background-size:cover;background-size:cover;'><div class=\"fusion-builder-row fusion-row\"><div  class=\"fusion-layout-column fusion_builder_column fusion_builder_column_2_3 fusion-builder-column-9 fusion-two-third fusion-column-first 2_3\"  style='margin-top:0px;margin-bottom:25px;width:66.66%;width:calc(66.66% - ( ( 50px ) * 0.6666 ) );margin-right: 50px;'><div class=\"fusion-column-wrapper\" style=\"padding: 0px 0px 0px 0px;background-position:left top;background-repeat:no-repeat;-webkit-background-size:cover;-moz-background-size:cover;-o-background-size:cover;background-size:cover;\"   data-bg-url=\"\"><div class=\"fusion-column-content-centered\"><div class=\"fusion-column-content\"><div class=\"fusion-text\"><h1 style=\"font-weight: 300;\"><span style=\"color: #ffffff;\">Construyendo su negocio<\/span><\/h1>\n<\/div><div class=\"fusion-sep-clear\"><\/div><div class=\"fusion-separator sep-single sep-solid\" style=\"border-color:#a0ce4e;border-top-width:1px;margin-top:0px;margin-bottom:30px;width:100%;max-width:206px;\"><\/div><div class=\"fusion-text\"><p data-fontsize=\"20\" data-lineheight=\"29\"><span style=\"color: #ffffff; font-size: 15pt;\">Si est\u00e1 interesado en llevar su compa\u00f1\u00eda al pr\u00f3ximo nivel entonces no dude y haga click donde dice \u201cObtenga ayuda hoy\u201d<\/span><\/p>\n<\/div><\/div><\/div><div class=\"fusion-clearfix\"><\/div><\/div><\/div><div  class=\"fusion-layout-column fusion_builder_column fusion_builder_column_1_3 fusion-builder-column-10 fusion-one-third fusion-column-last 1_3\"  style='margin-top:0px;margin-bottom:20px;width:33.33%;width:calc(33.33% - ( ( 50px ) * 0.3333 ) );'><div class=\"fusion-column-wrapper\" style=\"padding: 0px 0px 0px 0px;background-position:left top;background-repeat:no-repeat;-webkit-background-size:cover;-moz-background-size:cover;-o-background-size:cover;background-size:cover;\"   data-bg-url=\"\"><div class=\"fusion-column-content-centered\"><div class=\"fusion-column-content\"><div class=\"fusion-button-wrapper fusion-alignleft\"><style type=\"text\/css\">.fusion-button.button-1 {border-radius:2px;}<\/style><a class=\"fusion-button button-flat button-xlarge button-default button-1 fusion-button-default-span fusion-button-default-type\" target=\"_self\" title=\"get help today\" href=\"https:\/\/processing4u.com\/es\/contact-us\/\"><span class=\"fusion-button-text\">Obtenga ayuda hoy<\/span><\/a><\/div><div class=\"fusion-sep-clear\"><\/div><div class=\"fusion-separator fusion-full-width-sep sep-none\" style=\"margin-left: auto;margin-right: auto;margin-top:10px;\"><\/div><div class=\"fusion-text\"><p style=\"text-align: left;\"><span style=\"color: #ffffff;\">Solamente le llevar\u00e1 unos segundos<\/span><\/p>\n<\/div><\/div><\/div><div class=\"fusion-clearfix\"><\/div><\/div><\/div><\/div><\/div><\/p>","protected":false},"excerpt":{"rendered":"","protected":false},"author":1,"featured_media":0,"parent":0,"menu_order":0,"comment_status":"closed","ping_status":"closed","template":"100-width.php","meta":{"ngg_post_thumbnail":0},"yoast_head":"<!-- This site is optimized with the Yoast SEO plugin v14.5 - https:\/\/yoast.com\/wordpress\/plugins\/seo\/ -->\n<title>Business Credit - Processing4U, Inc.<\/title>\n<meta name=\"robots\" content=\"noindex, nofollow\" \/>\n<meta property=\"og:locale\" content=\"es_MX\" \/>\n<meta property=\"og:type\" content=\"article\" \/>\n<meta property=\"og:title\" content=\"Business Credit - Processing4U, Inc.\" \/>\n<meta property=\"og:url\" content=\"https:\/\/www.processing4u.com\/es\/business-credit\/\" \/>\n<meta property=\"og:site_name\" content=\"Processing4U, Inc.\" \/>\n<meta property=\"article:modified_time\" content=\"2018-08-04T06:26:38+00:00\" \/>\n<meta name=\"twitter:card\" content=\"summary_large_image\" \/>\n<script type=\"application\/ld+json\" class=\"yoast-schema-graph\">{\"@context\":\"https:\/\/schema.org\",\"@graph\":[{\"@type\":\"WebSite\",\"@id\":\"https:\/\/processing4u.com\/es\/#website\",\"url\":\"https:\/\/processing4u.com\/es\/\",\"name\":\"Processing4U, Inc.\",\"description\":\"Business Credit And Loans\",\"potentialAction\":[{\"@type\":\"SearchAction\",\"target\":\"https:\/\/processing4u.com\/es\/?s={search_term_string}\",\"query-input\":\"required name=search_term_string\"}],\"inLanguage\":\"es-MX\"},{\"@type\":\"WebPage\",\"@id\":\"https:\/\/www.processing4u.com\/es\/business-credit\/#webpage\",\"url\":\"https:\/\/www.processing4u.com\/es\/business-credit\/\",\"name\":\"Business Credit - Processing4U, Inc.\",\"isPartOf\":{\"@id\":\"https:\/\/processing4u.com\/es\/#website\"},\"datePublished\":\"2018-02-05T01:11:33+00:00\",\"dateModified\":\"2018-08-04T06:26:38+00:00\",\"inLanguage\":\"es-MX\",\"potentialAction\":[{\"@type\":\"ReadAction\",\"target\":[\"https:\/\/www.processing4u.com\/es\/business-credit\/\"]}]}]}<\/script>\n<!-- \/ Yoast SEO plugin. -->","_links":{"self":[{"href":"https:\/\/processing4u.com\/es\/wp-json\/wp\/v2\/pages\/102"}],"collection":[{"href":"https:\/\/processing4u.com\/es\/wp-json\/wp\/v2\/pages"}],"about":[{"href":"https:\/\/processing4u.com\/es\/wp-json\/wp\/v2\/types\/page"}],"author":[{"embeddable":true,"href":"https:\/\/processing4u.com\/es\/wp-json\/wp\/v2\/users\/1"}],"replies":[{"embeddable":true,"href":"https:\/\/processing4u.com\/es\/wp-json\/wp\/v2\/comments?post=102"}],"version-history":[{"count":55,"href":"https:\/\/processing4u.com\/es\/wp-json\/wp\/v2\/pages\/102\/revisions"}],"predecessor-version":[{"id":749,"href":"https:\/\/processing4u.com\/es\/wp-json\/wp\/v2\/pages\/102\/revisions\/749"}],"wp:attachment":[{"href":"https:\/\/processing4u.com\/es\/wp-json\/wp\/v2\/media?parent=102"}],"curies":[{"name":"wp","href":"https:\/\/api.w.org\/{rel}","templated":true}]}}