{"id":159,"date":"2018-02-05T04:00:34","date_gmt":"2018-02-05T04:00:34","guid":{"rendered":"https:\/\/www.porteconomicgroup.com\/?page_id=159"},"modified":"2018-08-03T04:57:48","modified_gmt":"2018-08-03T04:57:48","slug":"business-loans","status":"publish","type":"page","link":"https:\/\/processing4u.com\/es\/business-loans\/","title":{"rendered":"Prestamos para Negocios"},"content":{"rendered":"<p><div class=\"fusion-bg-parallax\"  data-bg-align=\"right bottom\" data-direction=\"up\" data-mute=\"false\" data-opacity=\"100\" data-velocity=\"-0.3\" data-mobile-enabled=\"false\" data-break_parents=\"0\" data-bg-image=\"http:\/\/processing4u.com\/wp-content\/uploads\/2018\/02\/Business-Loans.jpg\" data-bg-repeat=\"false\" data-bg-height=\"\" data-bg-width=\"\"><\/div><div class=\"fusion-fullwidth fullwidth-box fusion-builder-row-1 fusion-parallax-up nonhundred-percent-fullwidth non-hundred-percent-height-scrolling fusion-equal-height-columns fusion-no-small-visibility\"  style='background-color: rgba(255,255,255,0);background-image: url(\"http:\/\/processing4u.com\/wp-content\/uploads\/2018\/02\/Business-Loans.jpg\");background-position: right bottom;background-repeat: no-repeat;padding-top:150px;padding-right:0px;padding-bottom:150px;padding-left:0px;-webkit-background-size:cover;-moz-background-size:cover;-o-background-size:cover;background-size:cover;'><div class=\"fusion-builder-row fusion-row\"><div  class=\"fusion-layout-column fusion_builder_column fusion_builder_column_1_6 fusion-builder-column-0 fusion-one-sixth fusion-column-first 1_6\"  style='margin-top:0px;margin-bottom:20px;width:16.66%;width:calc(16.66% - ( ( 4% + 4% ) * 0.1666 ) );margin-right: 4%;'><div class=\"fusion-column-wrapper\" style=\"padding: 0px 0px 0px 0px;background-position:left top;background-repeat:no-repeat;-webkit-background-size:cover;-moz-background-size:cover;-o-background-size:cover;background-size:cover;\"   data-bg-url=\"\"><div class=\"fusion-clearfix\"><\/div><\/div><\/div><div  class=\"fusion-layout-column fusion_builder_column fusion_builder_column_2_3 fusion-builder-column-1 fusion-two-third 2_3\"  style='margin-top:0px;margin-bottom:20px;width:66.66%;width:calc(66.66% - ( ( 4% + 4% ) * 0.6666 ) );margin-right: 4%;'><div class=\"fusion-column-wrapper\" style=\"padding: 70px 0px 0px 0px;background-position:left top;background-repeat:no-repeat;-webkit-background-size:cover;-moz-background-size:cover;-o-background-size:cover;background-size:cover;\"   data-bg-url=\"\"><div class=\"fusion-column-content-centered\"><div class=\"fusion-column-content\"><div class=\"fusion-text\"><p style=\"text-align: center;\"><strong><span style=\"color: #ffffff;\"><span style=\"font-size: 40px;\">Cont\u00e1ctenos hoy<\/span><span style=\"font-size: 30pt;\">&nbsp;para obtener cr\u00e9dito y<br \/>\nfinanciamiento para su compa\u00f1\u00eda<\/span><\/span><span style=\"font-size: 12pt;\"><br \/>\n<\/span><\/strong><\/p>\n<\/div><\/div><\/div><div class=\"fusion-clearfix\"><\/div><\/div><\/div><div  class=\"fusion-layout-column fusion_builder_column fusion_builder_column_1_6 fusion-builder-column-2 fusion-one-sixth fusion-column-last 1_6\"  style='margin-top:0px;margin-bottom:20px;width:16.66%;width:calc(16.66% - ( ( 4% + 4% ) * 0.1666 ) );'><div class=\"fusion-column-wrapper\" style=\"padding: 0px 0px 0px 0px;background-position:left top;background-repeat:no-repeat;-webkit-background-size:cover;-moz-background-size:cover;-o-background-size:cover;background-size:cover;\"   data-bg-url=\"\"><div class=\"fusion-clearfix\"><\/div><\/div><\/div><\/div><\/div><div class=\"fusion-bg-parallax\"  data-bg-align=\"right bottom\" data-direction=\"up\" data-mute=\"false\" data-opacity=\"100\" data-velocity=\"-0.3\" data-mobile-enabled=\"false\" data-break_parents=\"0\" data-bg-image=\"http:\/\/processing4u.com\/wp-content\/uploads\/2018\/02\/Business-Loans.jpg\" data-bg-repeat=\"false\" data-bg-height=\"\" data-bg-width=\"\"><\/div><div class=\"fusion-fullwidth fullwidth-box fusion-builder-row-2 fusion-parallax-up nonhundred-percent-fullwidth hundred-percent-height hundred-percent-height-center-content non-hundred-percent-height-scrolling fusion-no-medium-visibility fusion-no-large-visibility\"  style='background-color: rgba(255,255,255,0);background-image: url(\"http:\/\/processing4u.com\/wp-content\/uploads\/2018\/02\/Business-Loans.jpg\");background-position: right bottom;background-repeat: no-repeat;padding-top:35px;padding-right:0px;padding-bottom:10px;padding-left:0px;margin-bottom: 0px;-webkit-background-size:cover;-moz-background-size:cover;-o-background-size:cover;background-size:cover;'><div class=\"fusion-fullwidth-center-content\"><div class=\"fusion-builder-row fusion-row\"><div  class=\"fusion-layout-column fusion_builder_column fusion_builder_column_1_6 fusion-builder-column-3 fusion-one-sixth fusion-column-first 1_6\"  style='margin-top:0px;margin-bottom:0px;width:16.66%;width:calc(16.66% - ( ( 4% + 4% ) * 0.1666 ) );margin-right: 4%;'><div class=\"fusion-column-wrapper\" style=\"padding: 0px 0px 0px 0px;background-position:left top;background-repeat:no-repeat;-webkit-background-size:cover;-moz-background-size:cover;-o-background-size:cover;background-size:cover;\"   data-bg-url=\"\"><div class=\"fusion-clearfix\"><\/div><\/div><\/div><div  class=\"fusion-layout-column fusion_builder_column fusion_builder_column_2_3 fusion-builder-column-4 fusion-two-third 2_3\"  style='margin-top:0px;margin-bottom:0px;width:66.66%;width:calc(66.66% - ( ( 4% + 4% ) * 0.6666 ) );margin-right: 4%;'><div class=\"fusion-column-wrapper\" style=\"padding: 0px 0px 0px 0px;background-position:left top;background-repeat:no-repeat;-webkit-background-size:cover;-moz-background-size:cover;-o-background-size:cover;background-size:cover;\"   data-bg-url=\"\"><div class=\"fusion-column-content-centered\"><div class=\"fusion-column-content\"><div class=\"fusion-text\"><p style=\"text-align: center;\"><strong><span style=\"color: #ffffff;\"><span style=\"font-size: 40px;\">Cont\u00e1ctenos hoy<\/span><span style=\"font-size: 30pt;\">&nbsp;para obtener cr\u00e9dito y<br \/>\nfinanciamiento para su compa\u00f1\u00eda<\/span><\/span><span style=\"font-size: 12pt;\"><br \/>\n<\/span><\/strong><\/p>\n<\/div><\/div><\/div><div class=\"fusion-clearfix\"><\/div><\/div><\/div><div  class=\"fusion-layout-column fusion_builder_column fusion_builder_column_1_6 fusion-builder-column-5 fusion-one-sixth fusion-column-last 1_6\"  style='margin-top:0px;margin-bottom:0px;width:16.66%;width:calc(16.66% - ( ( 4% + 4% ) * 0.1666 ) );'><div class=\"fusion-column-wrapper\" style=\"padding: 0px 0px 0px 0px;background-position:left top;background-repeat:no-repeat;-webkit-background-size:cover;-moz-background-size:cover;-o-background-size:cover;background-size:cover;\"   data-bg-url=\"\"><div class=\"fusion-clearfix\"><\/div><\/div><\/div><\/div><\/div><\/div><div class=\"fusion-fullwidth fullwidth-box fusion-builder-row-3 nonhundred-percent-fullwidth non-hundred-percent-height-scrolling\"  style='background-color: rgba(255,255,255,0);background-position: center center;background-repeat: no-repeat;padding-top:50px;padding-right:0px;padding-bottom:20px;padding-left:0px;'><div class=\"fusion-builder-row fusion-row\"><div  class=\"fusion-layout-column fusion_builder_column fusion_builder_column_2_3 fusion-builder-column-6 fusion-two-third fusion-column-first 2_3\"  style='margin-top:0px;margin-bottom:20px;width:66.66%;width:calc(66.66% - ( ( 4% ) * 0.6666 ) );margin-right: 4%;'><div class=\"fusion-column-wrapper\" style=\"padding: 0px 0px 0px 0px;background-position:left top;background-repeat:no-repeat;-webkit-background-size:cover;-moz-background-size:cover;-o-background-size:cover;background-size:cover;\"   data-bg-url=\"\"><div class=\"fusion-text\"><p>Hoy en d\u00eda hay tantas opciones y tantos tipos de pr\u00e9stamos diferentes que el consumidor se puede sentir agobiado al no saber en cu\u00e1l programa o fuente de pr\u00e9stamo poder aplicar. Los bancos convencionales solamente aprueban a empresas bien establecidas que est\u00e9n generando dinero. Algunas compa\u00f1\u00edas solamente prestan si el negocio tiene cierta cantidad de ganancias y a otros, solamente le importa la calidad  del puntaje de cr\u00e9dito personal. Unos solamente un colateral y otros, insisten en que su negocio debe tener un excelente cr\u00e9dito para ser aprobado.<\/p>\n<p><strong>Con tantas opciones de pr\u00e9stamos hoy en d\u00eda \u00bfud sabe c\u00f3mo obtener la mayor cantidad de dinero con los mejores t\u00e9rminos?<\/strong><\/p>\n<p>Nuestro equipo y avanzada plataforma financiera ponen todos los programas leg\u00edtimos de pr\u00e9stamos solamente en un  lugar. Nosotros trabajamos con cientos de compa\u00f1\u00edas que ofrecen un programa \u00fanico para diferentes tipos de solicitantes.<\/p>\n<p><strong>Estas son algunas de las opciones disponibles para ud ahora:<\/strong><\/p>\n<ul>\n<li>Bajo inter\u00e9s en l\u00edneas de cr\u00e9dito<\/li>\n<li>Pr\u00e9stamos convencionales a largo tiempo<\/li>\n<li>Pr\u00e9stamos a plazos<\/li>\n<li>Financiamiento para flujo de efectivo hasta $500,000 sin colateral o requerimiento de cr\u00e9dito personal<\/li>\n<li>Financiaci\u00f3n no garantizada hasta $150,000 incluso para negocios que est\u00e1n comenzando<\/li>\n<li>Pr\u00e9stamos basados en activos con tasas del 5% o menos<\/li>\n<li>Dinero privado y pr\u00e9stamos alternativos para peque\u00f1os negocios de $1 mill\u00f3n de d\u00f3lares o m\u00e1s<\/li>\n<\/ul>\n<\/div><div class=\"fusion-clearfix\"><\/div><\/div><\/div><div  class=\"fusion-layout-column fusion_builder_column fusion_builder_column_1_3 fusion-builder-column-7 fusion-one-third fusion-column-last 1_3\"  style='margin-top:0px;margin-bottom:20px;width:33.33%;width:calc(33.33% - ( ( 4% ) * 0.3333 ) );'><div class=\"fusion-column-wrapper\" style=\"background-color:#ffffff;padding: 0px 0px 0px 0px;background-position:left top;background-repeat:no-repeat;-webkit-background-size:cover;-moz-background-size:cover;-o-background-size:cover;background-size:cover;\"   data-bg-url=\"\"><div class=\"fusion-text\"><p class=\"consult-1\"><span style=\"font-size: 24pt; color: #1a80b6;\"><strong>Consulta<\/strong>&nbsp;GRATIS l\u00edneas de cr\u00e9dito y pr\u00e9stamos para su empresa<\/span><\/p>\n<p class=\"consult-2\"><span style=\"font-size: 13pt;\">Por favor escriba su informaci\u00f3n para una consulta GRATIS  acerca de l\u00edneas de cr\u00e9dito y pr\u00e9stamos para su negocio<br \/>\n<strong>(Valor de $199)<\/strong><\/span><\/p>\n<div role=\"form\" class=\"wpcf7\" id=\"wpcf7-f72-o1\" lang=\"en-US\" dir=\"ltr\">\n<div class=\"screen-reader-response\" role=\"alert\" aria-live=\"polite\"><\/div>\n<form action=\"\/es\/wp-json\/wp\/v2\/pages\/159#wpcf7-f72-o1\" method=\"post\" class=\"wpcf7-form init\" novalidate=\"novalidate\" data-trp-original-action=\"\/es\/wp-json\/wp\/v2\/pages\/159#wpcf7-f72-o1\">\n<div style=\"display: none;\">\n<input type=\"hidden\" name=\"_wpcf7\" value=\"72\" \/>\n<input type=\"hidden\" name=\"_wpcf7_version\" value=\"5.2\" \/>\n<input type=\"hidden\" name=\"_wpcf7_locale\" value=\"en_US\" \/>\n<input type=\"hidden\" name=\"_wpcf7_unit_tag\" value=\"wpcf7-f72-o1\" \/>\n<input type=\"hidden\" name=\"_wpcf7_container_post\" value=\"0\" \/>\n<input type=\"hidden\" name=\"_wpcf7_posted_data_hash\" value=\"\" \/>\n<\/div>\n<div class=\"fusion-columns fusion-clearfix\" style=\"margin-bottom: 10px;\">\n<div class=\"col-lg-6 col-md-6 col-sm-12\">\n    <span class=\"wpcf7-form-control-wrap full-name\"><input type=\"text\" name=\"full-name\" value=\"\" size=\"40\" class=\"wpcf7-form-control wpcf7-text wpcf7-validates-as-required\" aria-required=\"true\" aria-invalid=\"false\" placeholder=\"Nombre completo:\" \/><\/span><\/div>\n<div class=\"col-lg-6 col-md-6 col-sm-12\">\n    <span class=\"wpcf7-form-control-wrap phone\"><input type=\"text\" name=\"phone\" value=\"\" size=\"40\" class=\"wpcf7-form-control wpcf7-text wpcf7-validates-as-required\" aria-required=\"true\" aria-invalid=\"false\" placeholder=\"Tel\u00e9fono\" \/><\/span><\/div>\n<\/div>\n<div class=\"fusion-columns fusion-clearfix\" style=\"margin-bottom: 10px;\">\n<div class=\"col-lg-12 col-md-12 col-sm-12\">\n    <span class=\"wpcf7-form-control-wrap your-email\"><input type=\"email\" name=\"your-email\" value=\"\" size=\"40\" class=\"wpcf7-form-control wpcf7-text wpcf7-email wpcf7-validates-as-required wpcf7-validates-as-email\" aria-required=\"true\" aria-invalid=\"false\" placeholder=\"Correo electr\u00f3nico\" \/><\/span><\/div>\n<\/div>\n<p>\n    <span class=\"wpcf7-form-control-wrap your-message\"><textarea name=\"your-message\" cols=\"40\" rows=\"10\" class=\"wpcf7-form-control wpcf7-textarea\" aria-invalid=\"false\" placeholder=\"D\u00edganos acerca de sus necesidades\"><\/textarea><\/span> <\/p>\n<p><center><input type=\"submit\" value=\"Empezar\" class=\"wpcf7-form-control wpcf7-submit\" \/><\/center><\/p>\n<p><span id=\"wpcf7-69e0056cac0dd-wrapper\" class=\"wpcf7-form-control-wrap email-address-wrap\" ><label for=\"wpcf7-69e0056cac0dd-field\" class=\"hp-message\">Please leave this field empty.<\/label><input id=\"wpcf7-69e0056cac0dd-field\"  class=\"wpcf7-form-control wpcf7-text\" type=\"text\" name=\"email-address\" value=\"\" size=\"40\" tabindex=\"-1\" autocomplete=\"new-password\" \/><\/span><\/p>\n<div class=\"fusion-alert alert custom alert-custom fusion-alert-center wpcf7-response-output fusion-alert-capitalize alert-dismissable\" style=\"border-width:1px;\"><button type=\"button\" class=\"close toggle-alert\" data-dismiss=\"alert\" aria-hidden=\"true\">&times;<\/button><div class=\"fusion-alert-content-wrapper\"><span class=\"fusion-alert-content\"><\/span><\/div><\/div><input type=\"hidden\" name=\"trp-form-language\" value=\"es\"\/><\/form><\/div>\n<\/div><div class=\"fusion-clearfix\"><\/div><\/div><\/div><\/div><\/div><div class=\"fusion-fullwidth fullwidth-box fusion-builder-row-4 nonhundred-percent-fullwidth non-hundred-percent-height-scrolling\"  style='background-color: #f4f4f4;background-position: center center;background-repeat: no-repeat;padding-top:50px;padding-right:0px;padding-bottom:20px;padding-left:0px;'><div class=\"fusion-builder-row fusion-row\"><div  class=\"fusion-layout-column fusion_builder_column fusion_builder_column_1_1 fusion-builder-column-8 fusion-one-full fusion-column-first fusion-column-last 1_1\"  style='margin-top:0px;margin-bottom:20px;'><div class=\"fusion-column-wrapper\" style=\"padding: 0px 0px 0px 0px;background-position:left top;background-repeat:no-repeat;-webkit-background-size:cover;-moz-background-size:cover;-o-background-size:cover;background-size:cover;\"   data-bg-url=\"\"><div class=\"fusion-text\"><p>Trabajando con todos los programas de financiamiento nosotros podemos obtener para su compa\u00f1\u00eda la mayor cantidad de apoyo posible en los mejores t\u00e9rminos. Frecuentemente ayudamos a nuestros clientes asegurar distintos tipos de pr\u00e9stamos y l\u00edneas de cr\u00e9dito a trav\u00e9s de diferentes fuentes para maximizar la aprobaci\u00f3n.<\/p>\n<p>Nuestro equipo negocia tasas de inter\u00e9s y t\u00e9rminos para que ud pueda obtener los mejores disponibles. Nosotros utilizamos el volumen de pr\u00e9stamos que hemos cerrado para obtener ventaja en las negociaciones y ofrecerle los mejores t\u00e9rminos. El equipo de financiamiento trabaja con ud mano a mano y directamente con la compa\u00f1\u00eda de pr\u00e9stamo para obtener la aprobaci\u00f3n y producir un r\u00e1pido cierre.<\/p>\n<p>Puede obtener los fondos tan pronto como en 72 hrs y en algunos casos obtener tarifas m\u00e1s bajas del 5%. Ud va a tener un equipo financiero completo de procesadores de pr\u00e9stamos y oficiales de finanzas que trabajar\u00e1n juntos con un s\u00f3lo objetivo en com\u00fan: conseguir para ud la mayor cantidad de dinero y en los mejores t\u00e9rminos.<\/p>\n<p>Cont\u00e1ctenos hoy para obtener un pr\u00e9stamo y l\u00ednea de cr\u00e9dito para su negocio aunque el banco le haya dicho \u201cNO\u201d.<\/p>\n<\/div><div class=\"fusion-clearfix\"><\/div><\/div><\/div><\/div><\/div><div class=\"fusion-bg-parallax\"  data-bg-align=\"center bottom\" data-direction=\"down\" data-mute=\"false\" data-opacity=\"100\" data-velocity=\"-0.3\" data-mobile-enabled=\"false\" data-break_parents=\"0\" data-bg-image=\"http:\/\/processing4u.com\/wp-content\/uploads\/2018\/02\/Contact-Us-Footer.jpg\" data-bg-repeat=\"false\" data-bg-color=\"#3f3f3f\" data-bg-height=\"\" data-bg-width=\"\"><\/div><div class=\"fusion-fullwidth fullwidth-box fusion-builder-row-5 fusion-parallax-down nonhundred-percent-fullwidth non-hundred-percent-height-scrolling fusion-equal-height-columns\"  style='background-color: #3f3f3f;background-image: url(\"http:\/\/processing4u.com\/wp-content\/uploads\/2018\/02\/Contact-Us-Footer.jpg\");background-position: center bottom;background-repeat: no-repeat;padding-top:100px;padding-right:0px;padding-bottom:90px;padding-left:0px;border-top-width:0px;border-bottom-width:0px;border-color:#eae9e9;border-top-style:solid;border-bottom-style:solid;-webkit-background-size:cover;-moz-background-size:cover;-o-background-size:cover;background-size:cover;'><div class=\"fusion-builder-row fusion-row\"><div  class=\"fusion-layout-column fusion_builder_column fusion_builder_column_2_3 fusion-builder-column-9 fusion-two-third fusion-column-first 2_3\"  style='margin-top:0px;margin-bottom:25px;width:66.66%;width:calc(66.66% - ( ( 50px ) * 0.6666 ) );margin-right: 50px;'><div class=\"fusion-column-wrapper\" style=\"padding: 0px 0px 0px 0px;background-position:left top;background-repeat:no-repeat;-webkit-background-size:cover;-moz-background-size:cover;-o-background-size:cover;background-size:cover;\"   data-bg-url=\"\"><div class=\"fusion-column-content-centered\"><div class=\"fusion-column-content\"><div class=\"fusion-text\"><h1 style=\"font-weight: 300;\"><span style=\"color: #ffffff;\">Construyendo su negocio<\/span><\/h1>\n<\/div><div class=\"fusion-sep-clear\"><\/div><div class=\"fusion-separator sep-single sep-solid\" style=\"border-color:#a0ce4e;border-top-width:1px;margin-top:0px;margin-bottom:30px;width:100%;max-width:206px;\"><\/div><div class=\"fusion-text\"><p data-fontsize=\"20\" data-lineheight=\"29\"><span style=\"color: #ffffff; font-size: 15pt;\">Si est\u00e1 interesado en llevar su compa\u00f1\u00eda al pr\u00f3ximo nivel entonces no dude y haga click donde dice \u201cObtenga ayuda hoy\u201d<\/span><\/p>\n<\/div><\/div><\/div><div class=\"fusion-clearfix\"><\/div><\/div><\/div><div  class=\"fusion-layout-column fusion_builder_column fusion_builder_column_1_3 fusion-builder-column-10 fusion-one-third fusion-column-last 1_3\"  style='margin-top:0px;margin-bottom:20px;width:33.33%;width:calc(33.33% - ( ( 50px ) * 0.3333 ) );'><div class=\"fusion-column-wrapper\" style=\"padding: 0px 0px 0px 0px;background-position:left top;background-repeat:no-repeat;-webkit-background-size:cover;-moz-background-size:cover;-o-background-size:cover;background-size:cover;\"   data-bg-url=\"\"><div class=\"fusion-column-content-centered\"><div class=\"fusion-column-content\"><div class=\"fusion-button-wrapper fusion-alignleft\"><style type=\"text\/css\">.fusion-button.button-1 {border-radius:2px;}<\/style><a class=\"fusion-button button-flat button-xlarge button-default button-1 fusion-button-default-span fusion-button-default-type\" target=\"_self\" title=\"get help today\" href=\"https:\/\/processing4u.com\/es\/contact-us\/\"><span class=\"fusion-button-text\">Obtenga ayuda hoy<\/span><\/a><\/div><div class=\"fusion-sep-clear\"><\/div><div class=\"fusion-separator fusion-full-width-sep sep-none\" style=\"margin-left: auto;margin-right: auto;margin-top:10px;\"><\/div><div class=\"fusion-text\"><p style=\"text-align: left;\"><span style=\"color: #ffffff;\">Solamente le llevar\u00e1 unos segundos<\/span><\/p>\n<\/div><\/div><\/div><div class=\"fusion-clearfix\"><\/div><\/div><\/div><\/div><\/div><\/p>","protected":false},"excerpt":{"rendered":"","protected":false},"author":1,"featured_media":0,"parent":0,"menu_order":0,"comment_status":"closed","ping_status":"closed","template":"100-width.php","meta":{"ngg_post_thumbnail":0},"yoast_head":"<!-- This site is optimized with the Yoast SEO plugin v14.5 - https:\/\/yoast.com\/wordpress\/plugins\/seo\/ -->\n<title>Business Loans - Processing4U, Inc.<\/title>\n<meta name=\"robots\" content=\"noindex, nofollow\" \/>\n<meta property=\"og:locale\" content=\"es_MX\" \/>\n<meta property=\"og:type\" content=\"article\" \/>\n<meta property=\"og:title\" content=\"Business Loans - Processing4U, Inc.\" \/>\n<meta property=\"og:url\" content=\"https:\/\/www.processing4u.com\/es\/business-loans\/\" \/>\n<meta property=\"og:site_name\" content=\"Processing4U, Inc.\" \/>\n<meta property=\"article:modified_time\" content=\"2018-08-03T04:57:48+00:00\" \/>\n<meta name=\"twitter:card\" content=\"summary_large_image\" \/>\n<script type=\"application\/ld+json\" class=\"yoast-schema-graph\">{\"@context\":\"https:\/\/schema.org\",\"@graph\":[{\"@type\":\"WebSite\",\"@id\":\"https:\/\/processing4u.com\/es\/#website\",\"url\":\"https:\/\/processing4u.com\/es\/\",\"name\":\"Processing4U, Inc.\",\"description\":\"Business Credit And Loans\",\"potentialAction\":[{\"@type\":\"SearchAction\",\"target\":\"https:\/\/processing4u.com\/es\/?s={search_term_string}\",\"query-input\":\"required name=search_term_string\"}],\"inLanguage\":\"es-MX\"},{\"@type\":\"WebPage\",\"@id\":\"https:\/\/www.processing4u.com\/es\/business-loans\/#webpage\",\"url\":\"https:\/\/www.processing4u.com\/es\/business-loans\/\",\"name\":\"Business Loans - Processing4U, Inc.\",\"isPartOf\":{\"@id\":\"https:\/\/processing4u.com\/es\/#website\"},\"datePublished\":\"2018-02-05T04:00:34+00:00\",\"dateModified\":\"2018-08-03T04:57:48+00:00\",\"inLanguage\":\"es-MX\",\"potentialAction\":[{\"@type\":\"ReadAction\",\"target\":[\"https:\/\/www.processing4u.com\/es\/business-loans\/\"]}]}]}<\/script>\n<!-- \/ Yoast SEO plugin. -->","_links":{"self":[{"href":"https:\/\/processing4u.com\/es\/wp-json\/wp\/v2\/pages\/159"}],"collection":[{"href":"https:\/\/processing4u.com\/es\/wp-json\/wp\/v2\/pages"}],"about":[{"href":"https:\/\/processing4u.com\/es\/wp-json\/wp\/v2\/types\/page"}],"author":[{"embeddable":true,"href":"https:\/\/processing4u.com\/es\/wp-json\/wp\/v2\/users\/1"}],"replies":[{"embeddable":true,"href":"https:\/\/processing4u.com\/es\/wp-json\/wp\/v2\/comments?post=159"}],"version-history":[{"count":11,"href":"https:\/\/processing4u.com\/es\/wp-json\/wp\/v2\/pages\/159\/revisions"}],"predecessor-version":[{"id":726,"href":"https:\/\/processing4u.com\/es\/wp-json\/wp\/v2\/pages\/159\/revisions\/726"}],"wp:attachment":[{"href":"https:\/\/processing4u.com\/es\/wp-json\/wp\/v2\/media?parent=159"}],"curies":[{"name":"wp","href":"https:\/\/api.w.org\/{rel}","templated":true}]}}