{"id":172,"date":"2018-02-05T04:16:44","date_gmt":"2018-02-05T04:16:44","guid":{"rendered":"https:\/\/www.porteconomicgroup.com\/?page_id=172"},"modified":"2018-08-03T05:01:25","modified_gmt":"2018-08-03T05:01:25","slug":"about-us","status":"publish","type":"page","link":"https:\/\/processing4u.com\/es\/about-us\/","title":{"rendered":"Acerca de Nosotros"},"content":{"rendered":"<p><div class=\"fusion-bg-parallax\"  data-bg-align=\"center center\" data-direction=\"up\" data-mute=\"false\" data-opacity=\"100\" data-velocity=\"-0.3\" data-mobile-enabled=\"false\" data-break_parents=\"0\" data-bg-image=\"http:\/\/processing4u.com\/wp-content\/uploads\/2018\/02\/About-Us.jpg\" data-bg-repeat=\"false\" data-bg-height=\"\" data-bg-width=\"\"><\/div><div class=\"fusion-fullwidth fullwidth-box fusion-builder-row-1 fusion-parallax-up nonhundred-percent-fullwidth non-hundred-percent-height-scrolling fusion-equal-height-columns fusion-no-small-visibility\"  style='background-color: rgba(255,255,255,0);background-image: url(\"http:\/\/processing4u.com\/wp-content\/uploads\/2018\/02\/About-Us.jpg\");background-position: center center;background-repeat: no-repeat;padding-top:150px;padding-right:0px;padding-bottom:150px;padding-left:0px;-webkit-background-size:cover;-moz-background-size:cover;-o-background-size:cover;background-size:cover;'><div class=\"fusion-builder-row fusion-row\"><div  class=\"fusion-layout-column fusion_builder_column fusion_builder_column_1_6 fusion-builder-column-0 fusion-one-sixth fusion-column-first 1_6\"  style='margin-top:0px;margin-bottom:20px;width:16.66%;width:calc(16.66% - ( ( 4% + 4% ) * 0.1666 ) );margin-right: 4%;'><div class=\"fusion-column-wrapper\" style=\"padding: 0px 0px 0px 0px;background-position:left top;background-repeat:no-repeat;-webkit-background-size:cover;-moz-background-size:cover;-o-background-size:cover;background-size:cover;\"   data-bg-url=\"\"><div class=\"fusion-clearfix\"><\/div><\/div><\/div><div  class=\"fusion-layout-column fusion_builder_column fusion_builder_column_2_3 fusion-builder-column-1 fusion-two-third 2_3\"  style='margin-top:0px;margin-bottom:20px;width:66.66%;width:calc(66.66% - ( ( 4% + 4% ) * 0.6666 ) );margin-right: 4%;'><div class=\"fusion-column-wrapper\" style=\"padding: 70px 0px 0px 0px;background-position:left top;background-repeat:no-repeat;-webkit-background-size:cover;-moz-background-size:cover;-o-background-size:cover;background-size:cover;\"   data-bg-url=\"\"><div class=\"fusion-column-content-centered\"><div class=\"fusion-column-content\"><div class=\"fusion-text\"><p style=\"text-align: center;\"><span style=\"color: #ffffff;\"><strong><span style=\"font-size: 14pt;\"><span style=\"font-size: 30pt;\">Descubra c\u00f3mo podemos ayudarlo a obtener cr\u00e9dito y financiamiento para comenzar y hacer crecer su negocio<\/span><span style=\"font-size: 12pt;\"><br \/>\n<\/span><\/span><\/strong><\/span><\/p>\n<\/div><\/div><\/div><div class=\"fusion-clearfix\"><\/div><\/div><\/div><div  class=\"fusion-layout-column fusion_builder_column fusion_builder_column_1_6 fusion-builder-column-2 fusion-one-sixth fusion-column-last 1_6\"  style='margin-top:0px;margin-bottom:20px;width:16.66%;width:calc(16.66% - ( ( 4% + 4% ) * 0.1666 ) );'><div class=\"fusion-column-wrapper\" style=\"padding: 0px 0px 0px 0px;background-position:left top;background-repeat:no-repeat;-webkit-background-size:cover;-moz-background-size:cover;-o-background-size:cover;background-size:cover;\"   data-bg-url=\"\"><div class=\"fusion-clearfix\"><\/div><\/div><\/div><\/div><\/div><div class=\"fusion-bg-parallax\"  data-bg-align=\"center center\" data-direction=\"up\" data-mute=\"false\" data-opacity=\"100\" data-velocity=\"-0.3\" data-mobile-enabled=\"false\" data-break_parents=\"0\" data-bg-image=\"http:\/\/processing4u.com\/wp-content\/uploads\/2018\/02\/About-Us.jpg\" data-bg-repeat=\"false\" data-bg-height=\"\" data-bg-width=\"\"><\/div><div class=\"fusion-fullwidth fullwidth-box fusion-builder-row-2 fusion-parallax-up nonhundred-percent-fullwidth hundred-percent-height hundred-percent-height-center-content non-hundred-percent-height-scrolling fusion-no-medium-visibility fusion-no-large-visibility\"  style='background-color: rgba(255,255,255,0);background-image: url(\"http:\/\/processing4u.com\/wp-content\/uploads\/2018\/02\/About-Us.jpg\");background-position: center center;background-repeat: no-repeat;padding-top:35px;padding-right:0px;padding-bottom:10px;padding-left:0px;margin-bottom: 0px;-webkit-background-size:cover;-moz-background-size:cover;-o-background-size:cover;background-size:cover;'><div class=\"fusion-fullwidth-center-content\"><div class=\"fusion-builder-row fusion-row\"><div  class=\"fusion-layout-column fusion_builder_column fusion_builder_column_1_6 fusion-builder-column-3 fusion-one-sixth fusion-column-first 1_6\"  style='margin-top:0px;margin-bottom:0px;width:16.66%;width:calc(16.66% - ( ( 4% + 4% ) * 0.1666 ) );margin-right: 4%;'><div class=\"fusion-column-wrapper\" style=\"padding: 0px 0px 0px 0px;background-position:left top;background-repeat:no-repeat;-webkit-background-size:cover;-moz-background-size:cover;-o-background-size:cover;background-size:cover;\"   data-bg-url=\"\"><div class=\"fusion-clearfix\"><\/div><\/div><\/div><div  class=\"fusion-layout-column fusion_builder_column fusion_builder_column_2_3 fusion-builder-column-4 fusion-two-third 2_3\"  style='margin-top:0px;margin-bottom:0px;width:66.66%;width:calc(66.66% - ( ( 4% + 4% ) * 0.6666 ) );margin-right: 4%;'><div class=\"fusion-column-wrapper\" style=\"padding: 0px 0px 0px 0px;background-position:left top;background-repeat:no-repeat;-webkit-background-size:cover;-moz-background-size:cover;-o-background-size:cover;background-size:cover;\"   data-bg-url=\"\"><div class=\"fusion-column-content-centered\"><div class=\"fusion-column-content\"><div class=\"fusion-text\"><p style=\"text-align: center;\"><span style=\"color: #ffffff;\"><strong><span style=\"font-size: 14pt;\"><span style=\"font-size: 30pt;\">Descubra c\u00f3mo podemos ayudarlo a obtener cr\u00e9dito y financiamiento para comenzar y hacer crecer su negocio<\/span><span style=\"font-size: 12pt;\"><br \/>\n<\/span><\/span><\/strong><\/span><\/p>\n<\/div><\/div><\/div><div class=\"fusion-clearfix\"><\/div><\/div><\/div><div  class=\"fusion-layout-column fusion_builder_column fusion_builder_column_1_6 fusion-builder-column-5 fusion-one-sixth fusion-column-last 1_6\"  style='margin-top:0px;margin-bottom:0px;width:16.66%;width:calc(16.66% - ( ( 4% + 4% ) * 0.1666 ) );'><div class=\"fusion-column-wrapper\" style=\"padding: 0px 0px 0px 0px;background-position:left top;background-repeat:no-repeat;-webkit-background-size:cover;-moz-background-size:cover;-o-background-size:cover;background-size:cover;\"   data-bg-url=\"\"><div class=\"fusion-clearfix\"><\/div><\/div><\/div><\/div><\/div><\/div><div class=\"fusion-fullwidth fullwidth-box fusion-builder-row-3 nonhundred-percent-fullwidth non-hundred-percent-height-scrolling\"  style='background-color: rgba(255,255,255,0);background-position: center center;background-repeat: no-repeat;padding-top:50px;padding-right:0px;padding-bottom:20px;padding-left:0px;'><div class=\"fusion-builder-row fusion-row\"><div  class=\"fusion-layout-column fusion_builder_column fusion_builder_column_2_3 fusion-builder-column-6 fusion-two-third fusion-column-first 2_3\"  style='margin-top:0px;margin-bottom:20px;width:66.66%;width:calc(66.66% - ( ( 4% ) * 0.6666 ) );margin-right: 4%;'><div class=\"fusion-column-wrapper\" style=\"padding: 0px 0px 0px 0px;background-position:left top;background-repeat:no-repeat;-webkit-background-size:cover;-moz-background-size:cover;-o-background-size:cover;background-size:cover;\"   data-bg-url=\"\"><style type=\"text\/css\"><\/style><div class=\"fusion-title title fusion-title-1 sep-underline sep-solid fusion-title-text fusion-title-size-one\" style=\"border-bottom-color:#e0dede;margin-top:0px;margin-bottom:31px;\"><h1 class=\"title-heading-left\" style=\"margin:0;\"><h1>Processing4U, Inc.<\/h1><\/h1><\/div><div class=\"fusion-text\"><p>Nuestra misi\u00f3n es ayudar a los empresarios a obtener cr\u00e9dito y la fuerza que ellos necesitan para lograr sus sue\u00f1os. Cualquiera que sea su caso, comenzando un negocio o buscando millones en un capital para expandirse, nosotros tenemos la soluci\u00f3n que lo puede ayudar en sus esfuerzos.<\/p>\n<p>Ofrecemos soluciones para obtener cr\u00e9dito y pr\u00e9stamos para su negocio con su n\u00famero de empleador (EIN) y su informaci\u00f3n personal (SSN) no est\u00e9n asociados. Estas l\u00edneas de cr\u00e9dito y pr\u00e9stamos se pueden obtener independientemente de la calidad de su cr\u00e9dito, sin colateral ni flujo de efectivo.<\/p>\n<p>Lo ayudamos en todos los aspectos para obtener un pr\u00e9stamo para su negocio aunque el banco le haya dicho \u201cNO\u201d. Puede obtener los fondos en 72 hrs o menos, con baja tasa de inter\u00e9s y pr\u00e9stamos o l\u00edneas de cr\u00e9dito a largo plazo. Puede acceder a financiamiento de flujo de efectivo, financiamiento basado en activos, incluso financiamiento no garantizado como una empresa que comienza.<\/p>\n<p>Nuestro equipo experto de asesor\u00eda comercial y finanzas lo ayuda en todos los aspectos para la obtenci\u00f3n de cr\u00e9dito corporativo y pr\u00e9stamos comerciales. Adem\u00e1s, tambi\u00e9n tendr\u00e1 acceso a nuestra tecnolog\u00eda financiera de vanguardia para ayudarlo a acelerar sus resultados.<\/p>\n<p>Si est\u00e1 interesado en obtener capital para su empresa en los mejores t\u00e9rminos, tenemos soluciones para usted. Comun\u00edquese con nosotros hoy para su consulta de cr\u00e9dito y pr\u00e9stamo comercial sin costo.<\/p>\n<\/div><div class=\"fusion-clearfix\"><\/div><\/div><\/div><div  class=\"fusion-layout-column fusion_builder_column fusion_builder_column_1_3 fusion-builder-column-7 fusion-one-third fusion-column-last 1_3\"  style='margin-top:0px;margin-bottom:20px;width:33.33%;width:calc(33.33% - ( ( 4% ) * 0.3333 ) );'><div class=\"fusion-column-wrapper\" style=\"background-color:#ffffff;padding: 0px 0px 0px 0px;background-position:left top;background-repeat:no-repeat;-webkit-background-size:cover;-moz-background-size:cover;-o-background-size:cover;background-size:cover;\"   data-bg-url=\"\"><div class=\"fusion-text\"><p class=\"consult-1\"><span style=\"font-size: 24pt; color: #1a80b6;\"><strong>Consulta<\/strong>&nbsp;GRATIS l\u00edneas de cr\u00e9dito y pr\u00e9stamos para su empresa<\/span><\/p>\n<p class=\"consult-2\"><span style=\"font-size: 13pt;\">Por favor escriba su informaci\u00f3n para una consulta GRATIS  acerca de l\u00edneas de cr\u00e9dito y pr\u00e9stamos para su negocio<br \/>\n<strong>(Valor de $199)<\/strong><\/span><\/p>\n<div role=\"form\" class=\"wpcf7\" id=\"wpcf7-f72-o1\" lang=\"en-US\" dir=\"ltr\">\n<div class=\"screen-reader-response\" role=\"alert\" aria-live=\"polite\"><\/div>\n<form action=\"\/es\/wp-json\/wp\/v2\/pages\/172#wpcf7-f72-o1\" method=\"post\" class=\"wpcf7-form init\" novalidate=\"novalidate\" data-trp-original-action=\"\/es\/wp-json\/wp\/v2\/pages\/172#wpcf7-f72-o1\">\n<div style=\"display: none;\">\n<input type=\"hidden\" name=\"_wpcf7\" value=\"72\" \/>\n<input type=\"hidden\" name=\"_wpcf7_version\" value=\"5.2\" \/>\n<input type=\"hidden\" name=\"_wpcf7_locale\" value=\"en_US\" \/>\n<input type=\"hidden\" name=\"_wpcf7_unit_tag\" value=\"wpcf7-f72-o1\" \/>\n<input type=\"hidden\" name=\"_wpcf7_container_post\" value=\"0\" \/>\n<input type=\"hidden\" name=\"_wpcf7_posted_data_hash\" value=\"\" \/>\n<\/div>\n<div class=\"fusion-columns fusion-clearfix\" style=\"margin-bottom: 10px;\">\n<div class=\"col-lg-6 col-md-6 col-sm-12\">\n    <span class=\"wpcf7-form-control-wrap full-name\"><input type=\"text\" name=\"full-name\" value=\"\" size=\"40\" class=\"wpcf7-form-control wpcf7-text wpcf7-validates-as-required\" aria-required=\"true\" aria-invalid=\"false\" placeholder=\"Nombre completo:\" \/><\/span><\/div>\n<div class=\"col-lg-6 col-md-6 col-sm-12\">\n    <span class=\"wpcf7-form-control-wrap phone\"><input type=\"text\" name=\"phone\" value=\"\" size=\"40\" class=\"wpcf7-form-control wpcf7-text wpcf7-validates-as-required\" aria-required=\"true\" aria-invalid=\"false\" placeholder=\"Tel\u00e9fono\" \/><\/span><\/div>\n<\/div>\n<div class=\"fusion-columns fusion-clearfix\" style=\"margin-bottom: 10px;\">\n<div class=\"col-lg-12 col-md-12 col-sm-12\">\n    <span class=\"wpcf7-form-control-wrap your-email\"><input type=\"email\" name=\"your-email\" value=\"\" size=\"40\" class=\"wpcf7-form-control wpcf7-text wpcf7-email wpcf7-validates-as-required wpcf7-validates-as-email\" aria-required=\"true\" aria-invalid=\"false\" placeholder=\"Correo electr\u00f3nico\" \/><\/span><\/div>\n<\/div>\n<p>\n    <span class=\"wpcf7-form-control-wrap your-message\"><textarea name=\"your-message\" cols=\"40\" rows=\"10\" class=\"wpcf7-form-control wpcf7-textarea\" aria-invalid=\"false\" placeholder=\"D\u00edganos acerca de sus necesidades\"><\/textarea><\/span> <\/p>\n<p><center><input type=\"submit\" value=\"Empezar\" class=\"wpcf7-form-control wpcf7-submit\" \/><\/center><\/p>\n<p><span id=\"wpcf7-69e004905c2d1-wrapper\" class=\"wpcf7-form-control-wrap email-address-wrap\" ><label for=\"wpcf7-69e004905c2d1-field\" class=\"hp-message\">Please leave this field empty.<\/label><input id=\"wpcf7-69e004905c2d1-field\"  class=\"wpcf7-form-control wpcf7-text\" type=\"text\" name=\"email-address\" value=\"\" size=\"40\" tabindex=\"-1\" autocomplete=\"new-password\" \/><\/span><\/p>\n<div class=\"fusion-alert alert custom alert-custom fusion-alert-center wpcf7-response-output fusion-alert-capitalize alert-dismissable\" style=\"border-width:1px;\"><button type=\"button\" class=\"close toggle-alert\" data-dismiss=\"alert\" aria-hidden=\"true\">&times;<\/button><div class=\"fusion-alert-content-wrapper\"><span class=\"fusion-alert-content\"><\/span><\/div><\/div><input type=\"hidden\" name=\"trp-form-language\" value=\"es\"\/><\/form><\/div>\n<\/div><div class=\"fusion-clearfix\"><\/div><\/div><\/div><\/div><\/div><div class=\"fusion-bg-parallax\"  data-bg-align=\"center bottom\" data-direction=\"down\" data-mute=\"false\" data-opacity=\"100\" data-velocity=\"-0.3\" data-mobile-enabled=\"false\" data-break_parents=\"0\" data-bg-image=\"http:\/\/processing4u.com\/wp-content\/uploads\/2018\/02\/Contact-Us-Footer.jpg\" data-bg-repeat=\"false\" data-bg-color=\"#3f3f3f\" data-bg-height=\"\" data-bg-width=\"\"><\/div><div class=\"fusion-fullwidth fullwidth-box fusion-builder-row-4 fusion-parallax-down nonhundred-percent-fullwidth non-hundred-percent-height-scrolling fusion-equal-height-columns\"  style='background-color: #3f3f3f;background-image: url(\"http:\/\/processing4u.com\/wp-content\/uploads\/2018\/02\/Contact-Us-Footer.jpg\");background-position: center bottom;background-repeat: no-repeat;padding-top:100px;padding-right:0px;padding-bottom:90px;padding-left:0px;border-top-width:0px;border-bottom-width:0px;border-color:#eae9e9;border-top-style:solid;border-bottom-style:solid;-webkit-background-size:cover;-moz-background-size:cover;-o-background-size:cover;background-size:cover;'><div class=\"fusion-builder-row fusion-row\"><div  class=\"fusion-layout-column fusion_builder_column fusion_builder_column_2_3 fusion-builder-column-8 fusion-two-third fusion-column-first 2_3\"  style='margin-top:0px;margin-bottom:25px;width:66.66%;width:calc(66.66% - ( ( 50px ) * 0.6666 ) );margin-right: 50px;'><div class=\"fusion-column-wrapper\" style=\"padding: 0px 0px 0px 0px;background-position:left top;background-repeat:no-repeat;-webkit-background-size:cover;-moz-background-size:cover;-o-background-size:cover;background-size:cover;\"   data-bg-url=\"\"><div class=\"fusion-column-content-centered\"><div class=\"fusion-column-content\"><div class=\"fusion-text\"><h1 style=\"font-weight: 300;\"><span style=\"color: #ffffff;\">Construyendo su negocio<\/span><\/h1>\n<\/div><div class=\"fusion-sep-clear\"><\/div><div class=\"fusion-separator sep-single sep-solid\" style=\"border-color:#a0ce4e;border-top-width:1px;margin-top:0px;margin-bottom:30px;width:100%;max-width:206px;\"><\/div><div class=\"fusion-text\"><p data-fontsize=\"20\" data-lineheight=\"29\"><span style=\"color: #ffffff; font-size: 15pt;\">Si est\u00e1 interesado en llevar su compa\u00f1\u00eda al pr\u00f3ximo nivel entonces no dude y haga click donde dice \u201cObtenga ayuda hoy\u201d<\/span><\/p>\n<\/div><\/div><\/div><div class=\"fusion-clearfix\"><\/div><\/div><\/div><div  class=\"fusion-layout-column fusion_builder_column fusion_builder_column_1_3 fusion-builder-column-9 fusion-one-third fusion-column-last 1_3\"  style='margin-top:0px;margin-bottom:20px;width:33.33%;width:calc(33.33% - ( ( 50px ) * 0.3333 ) );'><div class=\"fusion-column-wrapper\" style=\"padding: 0px 0px 0px 0px;background-position:left top;background-repeat:no-repeat;-webkit-background-size:cover;-moz-background-size:cover;-o-background-size:cover;background-size:cover;\"   data-bg-url=\"\"><div class=\"fusion-column-content-centered\"><div class=\"fusion-column-content\"><div class=\"fusion-button-wrapper fusion-alignleft\"><style type=\"text\/css\">.fusion-button.button-1 {border-radius:2px;}<\/style><a class=\"fusion-button button-flat button-xlarge button-default button-1 fusion-button-default-span fusion-button-default-type\" target=\"_self\" title=\"get help today\" href=\"https:\/\/processing4u.com\/es\/contact-us\/\"><span class=\"fusion-button-text\">Obtenga ayuda hoy<\/span><\/a><\/div><div class=\"fusion-sep-clear\"><\/div><div class=\"fusion-separator fusion-full-width-sep sep-none\" style=\"margin-left: auto;margin-right: auto;margin-top:10px;\"><\/div><div class=\"fusion-text\"><p style=\"text-align: left;\"><span style=\"color: #ffffff;\">Solamente le llevar\u00e1 unos segundos<\/span><\/p>\n<\/div><\/div><\/div><div class=\"fusion-clearfix\"><\/div><\/div><\/div><\/div><\/div><\/p>","protected":false},"excerpt":{"rendered":"","protected":false},"author":1,"featured_media":0,"parent":0,"menu_order":0,"comment_status":"closed","ping_status":"closed","template":"100-width.php","meta":{"ngg_post_thumbnail":0},"yoast_head":"<!-- This site is optimized with the Yoast SEO plugin v14.5 - https:\/\/yoast.com\/wordpress\/plugins\/seo\/ -->\n<title>About Us - Processing4U, Inc.<\/title>\n<meta name=\"robots\" content=\"noindex, nofollow\" \/>\n<meta property=\"og:locale\" content=\"es_MX\" \/>\n<meta property=\"og:type\" content=\"article\" \/>\n<meta property=\"og:title\" content=\"About Us - Processing4U, Inc.\" \/>\n<meta property=\"og:url\" content=\"https:\/\/www.processing4u.com\/es\/about-us\/\" \/>\n<meta property=\"og:site_name\" content=\"Processing4U, Inc.\" \/>\n<meta property=\"article:modified_time\" content=\"2018-08-03T05:01:25+00:00\" \/>\n<meta name=\"twitter:card\" content=\"summary_large_image\" \/>\n<script type=\"application\/ld+json\" class=\"yoast-schema-graph\">{\"@context\":\"https:\/\/schema.org\",\"@graph\":[{\"@type\":\"WebSite\",\"@id\":\"https:\/\/processing4u.com\/es\/#website\",\"url\":\"https:\/\/processing4u.com\/es\/\",\"name\":\"Processing4U, Inc.\",\"description\":\"Business Credit And Loans\",\"potentialAction\":[{\"@type\":\"SearchAction\",\"target\":\"https:\/\/processing4u.com\/es\/?s={search_term_string}\",\"query-input\":\"required name=search_term_string\"}],\"inLanguage\":\"es-MX\"},{\"@type\":\"WebPage\",\"@id\":\"https:\/\/www.processing4u.com\/es\/about-us\/#webpage\",\"url\":\"https:\/\/www.processing4u.com\/es\/about-us\/\",\"name\":\"About Us - Processing4U, Inc.\",\"isPartOf\":{\"@id\":\"https:\/\/processing4u.com\/es\/#website\"},\"datePublished\":\"2018-02-05T04:16:44+00:00\",\"dateModified\":\"2018-08-03T05:01:25+00:00\",\"inLanguage\":\"es-MX\",\"potentialAction\":[{\"@type\":\"ReadAction\",\"target\":[\"https:\/\/www.processing4u.com\/es\/about-us\/\"]}]}]}<\/script>\n<!-- \/ Yoast SEO plugin. -->","_links":{"self":[{"href":"https:\/\/processing4u.com\/es\/wp-json\/wp\/v2\/pages\/172"}],"collection":[{"href":"https:\/\/processing4u.com\/es\/wp-json\/wp\/v2\/pages"}],"about":[{"href":"https:\/\/processing4u.com\/es\/wp-json\/wp\/v2\/types\/page"}],"author":[{"embeddable":true,"href":"https:\/\/processing4u.com\/es\/wp-json\/wp\/v2\/users\/1"}],"replies":[{"embeddable":true,"href":"https:\/\/processing4u.com\/es\/wp-json\/wp\/v2\/comments?post=172"}],"version-history":[{"count":15,"href":"https:\/\/processing4u.com\/es\/wp-json\/wp\/v2\/pages\/172\/revisions"}],"predecessor-version":[{"id":731,"href":"https:\/\/processing4u.com\/es\/wp-json\/wp\/v2\/pages\/172\/revisions\/731"}],"wp:attachment":[{"href":"https:\/\/processing4u.com\/es\/wp-json\/wp\/v2\/media?parent=172"}],"curies":[{"name":"wp","href":"https:\/\/api.w.org\/{rel}","templated":true}]}}