{"id":7,"date":"2018-02-04T00:21:08","date_gmt":"2018-02-04T00:21:08","guid":{"rendered":"https:\/\/www.porteconomicgroup.com\/?page_id=7"},"modified":"2018-08-04T07:29:01","modified_gmt":"2018-08-04T07:29:01","slug":"home","status":"publish","type":"page","link":"https:\/\/processing4u.com\/es\/","title":{"rendered":"Inicio"},"content":{"rendered":"<p><div class=\"fusion-bg-parallax\"  data-bg-align=\"center center\" data-direction=\"up\" data-mute=\"false\" data-opacity=\"100\" data-velocity=\"-0.3\" data-mobile-enabled=\"false\" data-break_parents=\"0\" data-bg-image=\"http:\/\/processing4u.com\/wp-content\/uploads\/2018\/02\/Backdrop.jpg\" data-bg-repeat=\"false\" data-bg-height=\"\" data-bg-width=\"\"><\/div><div class=\"fusion-fullwidth fullwidth-box fusion-builder-row-1 fusion-parallax-up nonhundred-percent-fullwidth hundred-percent-height hundred-percent-height-center-content non-hundred-percent-height-scrolling fusion-no-small-visibility\"  style='background-color: rgba(255,255,255,0);background-image: url(\"http:\/\/processing4u.com\/wp-content\/uploads\/2018\/02\/Backdrop.jpg\");background-position: center center;background-repeat: no-repeat;padding-top:250px;padding-right:0px;padding-bottom:250px;padding-left:0px;-webkit-background-size:cover;-moz-background-size:cover;-o-background-size:cover;background-size:cover;'><div class=\"fusion-fullwidth-center-content\"><div class=\"fusion-builder-row fusion-row\"><div  class=\"fusion-layout-column fusion_builder_column fusion_builder_column_1_1 fusion-builder-column-0 fusion-one-full fusion-column-first fusion-column-last 1_1\"  style='margin-top:0px;margin-bottom:20px;'><div class=\"fusion-column-wrapper\" style=\"padding: 30px 30px 0px 30px;background-position:left top;background-repeat:no-repeat;-webkit-background-size:cover;-moz-background-size:cover;-o-background-size:cover;background-size:cover;\"   data-bg-url=\"\"><div class=\"fusion-text\"><p style=\"text-align: center;\"><span style=\"color: #ffffff;\"><strong><span style=\"font-size: 14pt;\"><span style=\"font-size: 26pt;\">Consiga cr\u00e9dito para su negocio y pr\u00e9stamos para su compa\u00f1\u00eda<\/span><br \/>\n<span style=\"font-size: 12pt;\"><span style=\"font-size: 22pt;\">Obtenga aqu\u00ed la gu\u00eda de 4 pasos para construir el cr\u00e9dito de su negocio<\/span><br \/>\n<\/span><\/span><\/strong><\/span><\/p>\n<\/div><div class=\"fusion-clearfix\"><\/div><\/div><\/div><div  class=\"fusion-layout-column fusion_builder_column fusion_builder_column_1_4 fusion-builder-column-1 fusion-one-fourth fusion-column-first 1_4\"  style='margin-top:0px;margin-bottom:20px;width:25%;width:calc(25% - ( ( 4% ) * 0.25 ) );margin-right: 4%;'><div class=\"fusion-column-wrapper\" style=\"padding: 0px 30px 0px 30px;background-position:left top;background-repeat:no-repeat;-webkit-background-size:cover;-moz-background-size:cover;-o-background-size:cover;background-size:cover;\"   data-bg-url=\"\"><div class=\"fusion-clearfix\"><\/div><\/div><\/div><div  class=\"fusion-layout-column fusion_builder_column fusion_builder_column_2_3 fusion-builder-column-2 fusion-two-third fusion-column-last 2_3\"  style='margin-top:0px;margin-bottom:20px;width:66.66%;width:calc(66.66% - ( ( 4% ) * 0.6666 ) );'><div class=\"fusion-column-wrapper\" style=\"padding: 0px 30px 0px 30px;background-position:left top;background-repeat:no-repeat;-webkit-background-size:cover;-moz-background-size:cover;-o-background-size:cover;background-size:cover;\"   data-bg-url=\"\"><div class=\"fusion-column-content-centered\"><div class=\"fusion-column-content\"><div role=\"form\" class=\"wpcf7\" id=\"wpcf7-f617-o1\" lang=\"en-US\" dir=\"ltr\">\n<div class=\"screen-reader-response\" role=\"alert\" aria-live=\"polite\"><\/div>\n<form action=\"\/es\/wp-json\/wp\/v2\/pages\/7#wpcf7-f617-o1\" method=\"post\" class=\"wpcf7-form init\" novalidate=\"novalidate\" data-trp-original-action=\"\/es\/wp-json\/wp\/v2\/pages\/7#wpcf7-f617-o1\">\n<div style=\"display: none;\">\n<input type=\"hidden\" name=\"_wpcf7\" value=\"617\" \/>\n<input type=\"hidden\" name=\"_wpcf7_version\" value=\"5.2\" \/>\n<input type=\"hidden\" name=\"_wpcf7_locale\" value=\"en_US\" \/>\n<input type=\"hidden\" name=\"_wpcf7_unit_tag\" value=\"wpcf7-f617-o1\" \/>\n<input type=\"hidden\" name=\"_wpcf7_container_post\" value=\"0\" \/>\n<input type=\"hidden\" name=\"_wpcf7_posted_data_hash\" value=\"\" \/>\n<\/div>\n<div class=\"fusion-columns fusion-clearfix\" style=\"margin-bottom: 5px;\">\n<div class=\"col-lg-6 col-md-6 col-sm-6\">\n    <span class=\"wpcf7-form-control-wrap your-email\"><input type=\"email\" name=\"your-email\" value=\"\" size=\"40\" class=\"wpcf7-form-control wpcf7-text wpcf7-email wpcf7-validates-as-required wpcf7-validates-as-email\" aria-required=\"true\" aria-invalid=\"false\" placeholder=\"Correo electr\u00f3nico\" \/><\/span><\/div>\n<div class=\"col-lg-6 col-md-6 col-sm-6\">\n    <input type=\"submit\" value=\"Descargar ahora\" class=\"wpcf7-form-control wpcf7-submit fusion-button button-medium button-default\" \/> <\/div>\n<\/div>\n<p><span id=\"wpcf7-69dfea7b3189a-wrapper\" class=\"wpcf7-form-control-wrap email-386-wrap\" ><label for=\"wpcf7-69dfea7b3189a-field\" class=\"hp-message\">Please leave this field empty.<\/label><input id=\"wpcf7-69dfea7b3189a-field\"  class=\"wpcf7-form-control wpcf7-text\" type=\"text\" name=\"email-386\" value=\"\" size=\"40\" tabindex=\"-1\" autocomplete=\"new-password\" \/><\/span><\/p>\n<div class=\"fusion-alert alert custom alert-custom fusion-alert-center wpcf7-response-output fusion-alert-capitalize alert-dismissable\" style=\"border-width:1px;\"><button type=\"button\" class=\"close toggle-alert\" data-dismiss=\"alert\" aria-hidden=\"true\">&times;<\/button><div class=\"fusion-alert-content-wrapper\"><span class=\"fusion-alert-content\"><\/span><\/div><\/div><input type=\"hidden\" name=\"trp-form-language\" value=\"es\"\/><\/form><\/div><\/div><\/div><div class=\"fusion-clearfix\"><\/div><\/div><\/div><\/div><\/div><\/div><div class=\"fusion-bg-parallax\"  data-bg-align=\"center center\" data-direction=\"up\" data-mute=\"false\" data-opacity=\"100\" data-velocity=\"-0.3\" data-mobile-enabled=\"false\" data-break_parents=\"0\" data-bg-image=\"http:\/\/processing4u.com\/wp-content\/uploads\/2018\/02\/Backdrop.jpg\" data-bg-repeat=\"false\" data-bg-height=\"\" data-bg-width=\"\"><\/div><div class=\"fusion-fullwidth fullwidth-box fusion-builder-row-2 fusion-parallax-up nonhundred-percent-fullwidth hundred-percent-height hundred-percent-height-center-content non-hundred-percent-height-scrolling fusion-no-medium-visibility fusion-no-large-visibility\"  style='background-color: rgba(255,255,255,0);background-image: url(\"http:\/\/processing4u.com\/wp-content\/uploads\/2018\/02\/Backdrop.jpg\");background-position: center center;background-repeat: no-repeat;padding-top:30px;padding-right:0px;padding-bottom:30px;padding-left:0px;-webkit-background-size:cover;-moz-background-size:cover;-o-background-size:cover;background-size:cover;'><div class=\"fusion-fullwidth-center-content\"><div class=\"fusion-builder-row fusion-row\"><div  class=\"fusion-layout-column fusion_builder_column fusion_builder_column_1_1 fusion-builder-column-3 fusion-one-full fusion-column-first fusion-column-last 1_1\"  style='margin-top:0px;margin-bottom:20px;'><div class=\"fusion-column-wrapper\" style=\"padding: 30px 30px 0px 30px;background-position:left top;background-repeat:no-repeat;-webkit-background-size:cover;-moz-background-size:cover;-o-background-size:cover;background-size:cover;\"   data-bg-url=\"\"><div class=\"fusion-text\"><p style=\"text-align: center;\"><span style=\"color: #ffffff;\"><strong><span style=\"font-size: 14pt;\"><span style=\"font-size: 26pt;\">Consiga cr\u00e9dito para su negocio y pr\u00e9stamos para su compa\u00f1\u00eda<\/span><br \/>\n<span style=\"font-size: 12pt;\"><span style=\"font-size: 22pt;\">Obtenga aqu\u00ed la gu\u00eda de 4 pasos para construir el cr\u00e9dito de su negocio<\/span><br \/>\n<\/span><\/span><\/strong><\/span><\/p>\n<\/div><div class=\"fusion-clearfix\"><\/div><\/div><\/div><div  class=\"fusion-layout-column fusion_builder_column fusion_builder_column_1_4 fusion-builder-column-4 fusion-one-fourth fusion-column-first 1_4\"  style='margin-top:0px;margin-bottom:20px;width:25%;width:calc(25% - ( ( 4% ) * 0.25 ) );margin-right: 4%;'><div class=\"fusion-column-wrapper\" style=\"padding: 0px 30px 0px 30px;background-position:left top;background-repeat:no-repeat;-webkit-background-size:cover;-moz-background-size:cover;-o-background-size:cover;background-size:cover;\"   data-bg-url=\"\"><div class=\"fusion-clearfix\"><\/div><\/div><\/div><div  class=\"fusion-layout-column fusion_builder_column fusion_builder_column_2_3 fusion-builder-column-5 fusion-two-third fusion-column-last 2_3\"  style='margin-top:0px;margin-bottom:20px;width:66.66%;width:calc(66.66% - ( ( 4% ) * 0.6666 ) );'><div class=\"fusion-column-wrapper\" style=\"padding: 0px 30px 0px 30px;background-position:left top;background-repeat:no-repeat;-webkit-background-size:cover;-moz-background-size:cover;-o-background-size:cover;background-size:cover;\"   data-bg-url=\"\"><div class=\"fusion-column-content-centered\"><div class=\"fusion-column-content\"><div role=\"form\" class=\"wpcf7\" id=\"wpcf7-f617-o2\" lang=\"en-US\" dir=\"ltr\">\n<div class=\"screen-reader-response\" role=\"alert\" aria-live=\"polite\"><\/div>\n<form action=\"\/es\/wp-json\/wp\/v2\/pages\/7#wpcf7-f617-o2\" method=\"post\" class=\"wpcf7-form init\" novalidate=\"novalidate\" data-trp-original-action=\"\/es\/wp-json\/wp\/v2\/pages\/7#wpcf7-f617-o2\">\n<div style=\"display: none;\">\n<input type=\"hidden\" name=\"_wpcf7\" value=\"617\" \/>\n<input type=\"hidden\" name=\"_wpcf7_version\" value=\"5.2\" \/>\n<input type=\"hidden\" name=\"_wpcf7_locale\" value=\"en_US\" \/>\n<input type=\"hidden\" name=\"_wpcf7_unit_tag\" value=\"wpcf7-f617-o2\" \/>\n<input type=\"hidden\" name=\"_wpcf7_container_post\" value=\"0\" \/>\n<input type=\"hidden\" name=\"_wpcf7_posted_data_hash\" value=\"\" \/>\n<\/div>\n<div class=\"fusion-columns fusion-clearfix\" style=\"margin-bottom: 5px;\">\n<div class=\"col-lg-6 col-md-6 col-sm-6\">\n    <span class=\"wpcf7-form-control-wrap your-email\"><input type=\"email\" name=\"your-email\" value=\"\" size=\"40\" class=\"wpcf7-form-control wpcf7-text wpcf7-email wpcf7-validates-as-required wpcf7-validates-as-email\" aria-required=\"true\" aria-invalid=\"false\" placeholder=\"Correo electr\u00f3nico\" \/><\/span><\/div>\n<div class=\"col-lg-6 col-md-6 col-sm-6\">\n    <input type=\"submit\" value=\"Descargar ahora\" class=\"wpcf7-form-control wpcf7-submit fusion-button button-medium button-default\" \/> <\/div>\n<\/div>\n<p><span id=\"wpcf7-69dfea7b32724-wrapper\" class=\"wpcf7-form-control-wrap email-386-wrap\" ><label for=\"wpcf7-69dfea7b32724-field\" class=\"hp-message\">Please leave this field empty.<\/label><input id=\"wpcf7-69dfea7b32724-field\"  class=\"wpcf7-form-control wpcf7-text\" type=\"text\" name=\"email-386\" value=\"\" size=\"40\" tabindex=\"-1\" autocomplete=\"new-password\" \/><\/span><\/p>\n<div class=\"fusion-alert alert custom alert-custom fusion-alert-center wpcf7-response-output fusion-alert-capitalize alert-dismissable\" style=\"border-width:1px;\"><button type=\"button\" class=\"close toggle-alert\" data-dismiss=\"alert\" aria-hidden=\"true\">&times;<\/button><div class=\"fusion-alert-content-wrapper\"><span class=\"fusion-alert-content\"><\/span><\/div><\/div><input type=\"hidden\" name=\"trp-form-language\" value=\"es\"\/><\/form><\/div><\/div><\/div><div class=\"fusion-clearfix\"><\/div><\/div><\/div><\/div><\/div><\/div><div class=\"fusion-fullwidth fullwidth-box fusion-builder-row-3 nonhundred-percent-fullwidth non-hundred-percent-height-scrolling\"  style='background-color: rgba(255,255,255,0);background-position: center center;background-repeat: no-repeat;padding-top:50px;padding-right:0px;padding-bottom:40px;padding-left:0px;'><div class=\"fusion-builder-row fusion-row\"><div  class=\"fusion-layout-column fusion_builder_column fusion_builder_column_2_3 fusion-builder-column-6 fusion-two-third fusion-column-first 2_3\"  style='margin-top:0px;margin-bottom:20px;width:66.66%;width:calc(66.66% - ( ( 4% ) * 0.6666 ) );margin-right: 4%;'><div class=\"fusion-column-wrapper\" style=\"padding: 0px 0px 0px 0px;background-position:left top;background-repeat:no-repeat;-webkit-background-size:cover;-moz-background-size:cover;-o-background-size:cover;background-size:cover;\"   data-bg-url=\"\"><div class=\"fusion-text\"><p><span style=\"font-size: 24pt; color: #1a80b6;\">Facilmente logre cr\u00e9dito y financiamiento para comenzar su negocio y crecer<\/span><\/p>\n<\/div><div class=\"fusion-text\"><p><span style=\"font-size: 13pt;\">Lo asistiremos en obtener cr\u00e9dito para su compa\u00f1\u00eda sin que el n\u00famero de identificaci\u00f3n del negocio (EIN) est\u00e9 asociado a ud personalmente o a su cr\u00e9dito. Tendr\u00e1 l\u00edmite elevado para el proveedor,cr\u00e9dito en efectivo a nombre de su negocio  sin garant\u00eda personal o revisi\u00f3n de su cr\u00e9dito. Tampoco necesita colateral o flujo de efectivo para que sea aprobado.<\/span><\/p>\n<p><span style=\"font-size: 13pt;\">Tambi\u00e9n lo podemos ayudar con pr\u00e9stamos seguros y l\u00edneas de cr\u00e9dito para su compa\u00f1\u00eda con magn\u00edficos t\u00e9rminos aunque su banco le haya dicho \u201cNO\u201d. Tendr\u00e1 acceso a l\u00edneas de cr\u00e9dito con bajo inter\u00e9s, pr\u00e9stamos a largo plazo y pudiera recibir los fondos en 72 horas o menos. Recibir\u00e1 ayuda para obtener aprobaci\u00f3n aunque tenga problemas de cr\u00e9dito y sin colateral.<\/span><\/p>\n<p><span style=\"font-size: 13pt;\">Complete el sencillo formato a su derecha para hacer una consulta, sin costo adicional, para saber m\u00e1s AHORA acerca del cr\u00e9dito o financiamiento para su empresa.<\/span><\/p>\n<\/div><div class=\"fusion-sep-clear\"><\/div><div class=\"fusion-separator fusion-full-width-sep sep-none\" style=\"margin-left: auto;margin-right: auto;margin-top:30px;\"><\/div><div class=\"fusion-button-wrapper\"><style type=\"text\/css\">.fusion-button.button-1 {border-radius:2px;}<\/style><a class=\"fusion-button button-flat fusion-button-default-size button-default button-1 fusion-button-default-span fusion-button-default-type\" target=\"_self\" href=\"https:\/\/processing4u.com\/es\/business-credit\/\"><span class=\"fusion-button-text\">Pulsa aqu\u00ed para saber m\u00e1s<\/span><i class=\"fa fa-arrow-right button-icon-right\"><\/i><\/a><\/div><div class=\"fusion-clearfix\"><\/div><\/div><\/div><div  class=\"fusion-layout-column fusion_builder_column fusion_builder_column_1_3 fusion-builder-column-7 fusion-one-third fusion-column-last 1_3\"  style='margin-top:0px;margin-bottom:20px;width:33.33%;width:calc(33.33% - ( ( 4% ) * 0.3333 ) );'><div class=\"fusion-column-wrapper\" style=\"background-color:#ffffff;padding: 0px 0px 0px 0px;background-position:left top;background-repeat:no-repeat;-webkit-background-size:cover;-moz-background-size:cover;-o-background-size:cover;background-size:cover;\"   data-bg-url=\"\"><div class=\"fusion-text\"><p class=\"consult-1\"><span style=\"font-size: 24pt; color: #1a80b6;\"><strong>Consulta<\/strong>&nbsp;GRATIS l\u00edneas de cr\u00e9dito y pr\u00e9stamos para su empresa<\/span><\/p>\n<p class=\"consult-2\"><span style=\"font-size: 13pt;\">Por favor escriba su informaci\u00f3n para una consulta GRATIS  acerca de l\u00edneas de cr\u00e9dito y pr\u00e9stamos para su negocio<br \/>\n<strong>(Valor de $199)<\/strong><\/span><\/p>\n<div role=\"form\" class=\"wpcf7\" id=\"wpcf7-f72-o3\" lang=\"en-US\" dir=\"ltr\">\n<div class=\"screen-reader-response\" role=\"alert\" aria-live=\"polite\"><\/div>\n<form action=\"\/es\/wp-json\/wp\/v2\/pages\/7#wpcf7-f72-o3\" method=\"post\" class=\"wpcf7-form init\" novalidate=\"novalidate\" data-trp-original-action=\"\/es\/wp-json\/wp\/v2\/pages\/7#wpcf7-f72-o3\">\n<div style=\"display: none;\">\n<input type=\"hidden\" name=\"_wpcf7\" value=\"72\" \/>\n<input type=\"hidden\" name=\"_wpcf7_version\" value=\"5.2\" \/>\n<input type=\"hidden\" name=\"_wpcf7_locale\" value=\"en_US\" \/>\n<input type=\"hidden\" name=\"_wpcf7_unit_tag\" value=\"wpcf7-f72-o3\" \/>\n<input type=\"hidden\" name=\"_wpcf7_container_post\" value=\"0\" \/>\n<input type=\"hidden\" name=\"_wpcf7_posted_data_hash\" value=\"\" \/>\n<\/div>\n<div class=\"fusion-columns fusion-clearfix\" style=\"margin-bottom: 10px;\">\n<div class=\"col-lg-6 col-md-6 col-sm-12\">\n    <span class=\"wpcf7-form-control-wrap full-name\"><input type=\"text\" name=\"full-name\" value=\"\" size=\"40\" class=\"wpcf7-form-control wpcf7-text wpcf7-validates-as-required\" aria-required=\"true\" aria-invalid=\"false\" placeholder=\"Nombre completo:\" \/><\/span><\/div>\n<div class=\"col-lg-6 col-md-6 col-sm-12\">\n    <span class=\"wpcf7-form-control-wrap phone\"><input type=\"text\" name=\"phone\" value=\"\" size=\"40\" class=\"wpcf7-form-control wpcf7-text wpcf7-validates-as-required\" aria-required=\"true\" aria-invalid=\"false\" placeholder=\"Tel\u00e9fono\" \/><\/span><\/div>\n<\/div>\n<div class=\"fusion-columns fusion-clearfix\" style=\"margin-bottom: 10px;\">\n<div class=\"col-lg-12 col-md-12 col-sm-12\">\n    <span class=\"wpcf7-form-control-wrap your-email\"><input type=\"email\" name=\"your-email\" value=\"\" size=\"40\" class=\"wpcf7-form-control wpcf7-text wpcf7-email wpcf7-validates-as-required wpcf7-validates-as-email\" aria-required=\"true\" aria-invalid=\"false\" placeholder=\"Correo electr\u00f3nico\" \/><\/span><\/div>\n<\/div>\n<p>\n    <span class=\"wpcf7-form-control-wrap your-message\"><textarea name=\"your-message\" cols=\"40\" rows=\"10\" class=\"wpcf7-form-control wpcf7-textarea\" aria-invalid=\"false\" placeholder=\"D\u00edganos acerca de sus necesidades\"><\/textarea><\/span> <\/p>\n<p><center><input type=\"submit\" value=\"Empezar\" class=\"wpcf7-form-control wpcf7-submit\" \/><\/center><\/p>\n<p><span id=\"wpcf7-69dfea7b34025-wrapper\" class=\"wpcf7-form-control-wrap email-address-wrap\" ><label for=\"wpcf7-69dfea7b34025-field\" class=\"hp-message\">Please leave this field empty.<\/label><input id=\"wpcf7-69dfea7b34025-field\"  class=\"wpcf7-form-control wpcf7-text\" type=\"text\" name=\"email-address\" value=\"\" size=\"40\" tabindex=\"-1\" autocomplete=\"new-password\" \/><\/span><\/p>\n<div class=\"fusion-alert alert custom alert-custom fusion-alert-center wpcf7-response-output fusion-alert-capitalize alert-dismissable\" style=\"border-width:1px;\"><button type=\"button\" class=\"close toggle-alert\" data-dismiss=\"alert\" aria-hidden=\"true\">&times;<\/button><div class=\"fusion-alert-content-wrapper\"><span class=\"fusion-alert-content\"><\/span><\/div><\/div><input type=\"hidden\" name=\"trp-form-language\" value=\"es\"\/><\/form><\/div>\n<\/div><div class=\"fusion-clearfix\"><\/div><\/div><\/div><\/div><\/div><div class=\"fusion-fullwidth fullwidth-box fusion-builder-row-4 nonhundred-percent-fullwidth non-hundred-percent-height-scrolling\"  style='background-color: #f4f4f4;background-position: center center;background-repeat: no-repeat;padding-top:30px;padding-right:0px;padding-bottom:40px;padding-left:0px;'><div class=\"fusion-builder-row fusion-row\"><div  class=\"fusion-layout-column fusion_builder_column fusion_builder_column_1_1 fusion-builder-column-8 fusion-one-full fusion-column-first fusion-column-last 1_1\"  style='margin-top:0px;margin-bottom:20px;'><div class=\"fusion-column-wrapper\" style=\"padding: 0px 0px 0px 0px;background-position:left top;background-repeat:no-repeat;-webkit-background-size:cover;-moz-background-size:cover;-o-background-size:cover;background-size:cover;\"   data-bg-url=\"\"><div class=\"fusion-text\"><p style=\"text-align: center;\"><span style=\"font-size: 14pt;\">TESTIMONIOS<\/span><\/p>\n<\/div><div class=\"fusion-text\"><p style=\"text-align: center;\"><span style=\"font-size: 24pt; color: #1a80b6;\">LO QUE DICEN NUESTROS CLIENTES<\/span><\/p>\n<\/div><div class=\"fusion-sep-clear\"><\/div><div class=\"fusion-separator fusion-full-width-sep sep-none\" style=\"margin-left: auto;margin-right: auto;margin-top:;margin-bottom:20px;\"><\/div><div class=\"fusion-testimonials clean fusion-testimonials-1\" data-random=\"0\" data-speed=\"6000\"><style type=\"text\/css\">#fusion-testimonials-1 a{border-color:#747474;}#fusion-testimonials-1 a:hover, #fusion-testimonials-1 .activeSlide{background-color: #747474;}.fusion-testimonials.clean.fusion-testimonials-1 .author:after{border-top-color:#f4f4f4 !important;}<\/style><div class=\"reviews\"><div class=\"review avatar-image\"><div class=\"testimonial-thumbnail\"><img class=\"testimonial-image\" src=\"http:\/\/processing4u.com\/wp-content\/uploads\/2018\/02\/Chad-Cotton-85x85.jpg\" \/><\/div><blockquote class=\"testimonials-shortcode-blockquote\"><q style=\"background-color:#f4f4f4;color:#747474;\" class=\"fusion-clearfix\">\n<p style=\"text-align: center;\">El proceso de cr\u00e9dito comercial en el que particip\u00e9 con la Plataforma de Negocio Avanzada (Business Finance Suite) me ha permitido establecer el cr\u00e9dito corporativo de mi empresa, expandir mi operaci\u00f3n comercial y llevar mi empresa al siguiente nivel.<\/p>\n<\/q><\/blockquote><div class=\"author\" style=\"color:#747474;\"><span class=\"company-name\"><strong>Chad Cotton<\/strong>, <span>Straight Line Funding, Carlsbad CA<\/span><\/span><\/div><\/div><div class=\"review avatar-image\"><div class=\"testimonial-thumbnail\"><img class=\"testimonial-image\" src=\"http:\/\/processing4u.com\/wp-content\/uploads\/2018\/02\/Cheryl-Risner-85x85.jpg\" \/><\/div><blockquote class=\"testimonials-shortcode-blockquote\"><q style=\"background-color:#f4f4f4;color:#747474;\" class=\"fusion-clearfix\">\n<p style=\"text-align: center;\">Creo que Business Finance Suite ha abierto posibilidades para mi negocio que nunca podr\u00eda haber imaginado. Cada due\u00f1o de negocio puede beneficiarse de esta Plataforma.<\/p>\n<\/q><\/blockquote><div class=\"author\" style=\"color:#747474;\"><span class=\"company-name\"><strong>Cheryl Risner<\/strong>, <span>Score Restore, Elm Grove LA<\/span><\/span><\/div><\/div><div class=\"review avatar-image\"><div class=\"testimonial-thumbnail\"><img class=\"testimonial-image\" src=\"http:\/\/processing4u.com\/wp-content\/uploads\/2018\/02\/Robert-Lefcort-85x85.jpg\" \/><\/div><blockquote class=\"testimonials-shortcode-blockquote\"><q style=\"background-color:#f4f4f4;color:#747474;\" class=\"fusion-clearfix\">\n<p style=\"text-align: center;\">Pude obtener una puntuaci\u00f3n Paydex de 80 que utiliza Dun &amp; Bradstreet que me permiti\u00f3 acceder a l\u00edneas de cr\u00e9dito rotativas m\u00e1s grandes con Macy's, Staples y Amazon. Al final de unos seis meses, ten\u00eda alrededor de 10 l\u00edneas comerciales diferentes que me permitieron presentar una solicitud para Visa y MasterCard de $5,000 y $10,000.<\/p>\n<\/q><\/blockquote><div class=\"author\" style=\"color:#747474;\"><span class=\"company-name\"><strong>Robert Lefcort<\/strong>, <span>Great American Credit Repair Company, Boca Raton FL<\/span><\/span><\/div><\/div><\/div><div class=\"testimonial-pagination\" id=\"fusion-testimonials-1\"><\/div><\/div><div class=\"fusion-clearfix\"><\/div><\/div><\/div><\/div><\/div><\/p>","protected":false},"excerpt":{"rendered":"","protected":false},"author":1,"featured_media":0,"parent":0,"menu_order":0,"comment_status":"closed","ping_status":"closed","template":"100-width.php","meta":{"ngg_post_thumbnail":0},"yoast_head":"<!-- This site is optimized with the Yoast SEO plugin v14.5 - https:\/\/yoast.com\/wordpress\/plugins\/seo\/ -->\n<title>Home - Processing4U, Inc.<\/title>\n<meta name=\"description\" content=\"We help you get business credit for your company EIN that\u2019s not linked to you personally.\" \/>\n<meta name=\"robots\" content=\"index, follow\" \/>\n<meta name=\"googlebot\" content=\"index, follow, max-snippet:-1, max-image-preview:large, max-video-preview:-1\" \/>\n<meta name=\"bingbot\" content=\"index, follow, max-snippet:-1, max-image-preview:large, max-video-preview:-1\" \/>\n<link rel=\"canonical\" href=\"https:\/\/www.processing4u.com\/\" \/>\n<meta property=\"og:locale\" content=\"es_MX\" \/>\n<meta property=\"og:type\" content=\"article\" \/>\n<meta property=\"og:title\" content=\"Home - Processing4U, Inc.\" \/>\n<meta property=\"og:description\" content=\"We help you get business credit for your company EIN that\u2019s not linked to you personally.\" \/>\n<meta property=\"og:url\" content=\"https:\/\/www.processing4u.com\/\" \/>\n<meta property=\"og:site_name\" content=\"Processing4U, Inc.\" \/>\n<meta property=\"article:modified_time\" content=\"2018-08-04T07:29:01+00:00\" \/>\n<meta name=\"twitter:card\" content=\"summary_large_image\" \/>\n<script type=\"application\/ld+json\" class=\"yoast-schema-graph\">{\"@context\":\"https:\/\/schema.org\",\"@graph\":[{\"@type\":\"WebSite\",\"@id\":\"https:\/\/processing4u.com\/es\/#website\",\"url\":\"https:\/\/processing4u.com\/es\/\",\"name\":\"Processing4U, Inc.\",\"description\":\"Business Credit And Loans\",\"potentialAction\":[{\"@type\":\"SearchAction\",\"target\":\"https:\/\/processing4u.com\/es\/?s={search_term_string}\",\"query-input\":\"required name=search_term_string\"}],\"inLanguage\":\"es-MX\"},{\"@type\":\"WebPage\",\"@id\":\"https:\/\/www.processing4u.com\/#webpage\",\"url\":\"https:\/\/www.processing4u.com\/\",\"name\":\"Home - Processing4U, Inc.\",\"isPartOf\":{\"@id\":\"https:\/\/processing4u.com\/es\/#website\"},\"datePublished\":\"2018-02-04T00:21:08+00:00\",\"dateModified\":\"2018-08-04T07:29:01+00:00\",\"description\":\"We help you get business credit for your company EIN that\\u2019s not linked to you personally.\",\"inLanguage\":\"es-MX\",\"potentialAction\":[{\"@type\":\"ReadAction\",\"target\":[\"https:\/\/www.processing4u.com\/\"]}]}]}<\/script>\n<!-- \/ Yoast SEO plugin. -->","_links":{"self":[{"href":"https:\/\/processing4u.com\/es\/wp-json\/wp\/v2\/pages\/7"}],"collection":[{"href":"https:\/\/processing4u.com\/es\/wp-json\/wp\/v2\/pages"}],"about":[{"href":"https:\/\/processing4u.com\/es\/wp-json\/wp\/v2\/types\/page"}],"author":[{"embeddable":true,"href":"https:\/\/processing4u.com\/es\/wp-json\/wp\/v2\/users\/1"}],"replies":[{"embeddable":true,"href":"https:\/\/processing4u.com\/es\/wp-json\/wp\/v2\/comments?post=7"}],"version-history":[{"count":120,"href":"https:\/\/processing4u.com\/es\/wp-json\/wp\/v2\/pages\/7\/revisions"}],"predecessor-version":[{"id":707,"href":"https:\/\/processing4u.com\/es\/wp-json\/wp\/v2\/pages\/7\/revisions\/707"}],"wp:attachment":[{"href":"https:\/\/processing4u.com\/es\/wp-json\/wp\/v2\/media?parent=7"}],"curies":[{"name":"wp","href":"https:\/\/api.w.org\/{rel}","templated":true}]}}